{"id":2476,"date":"2016-06-14T06:36:54","date_gmt":"2016-06-14T06:36:54","guid":{"rendered":"http:\/\/sw-themes.com\/porto_dummy\/?page_id=75"},"modified":"2022-01-05T19:55:57","modified_gmt":"2022-01-05T22:55:57","slug":"contacto","status":"publish","type":"page","link":"https:\/\/tiendaomega.com.ar\/wp\/contacto\/","title":{"rendered":"Contacto"},"content":{"rendered":"<div class=\"wpb-content-wrapper\"><p>[vc_row gap=\u00bb20&#8243; wrap_container=\u00bbyes\u00bb el_class=\u00bbcero\u00bb][vc_column][vc_column_text css=\u00bb.vc_custom_1594863846155{margin-bottom: 0px !important;padding-bottom: 0px !important;}\u00bb]<iframe loading=\"lazy\" style=\"border: 0;\" tabindex=\"0\" src=\"https:\/\/www.google.com\/maps\/embed?pb=!1m18!1m12!1m3!1d3278.328484745307!2d-58.70095824889023!3d-34.7473172803265!2m3!1f0!2f0!3f0!3m2!1i1024!2i768!4f13.1!3m3!1m2!1s0x95bcc18768293355%3A0xd3479c8dc866b471!2sAv.%20de%20la%20Uni%C3%B3n%201776%2C%20B1776%20Pontevedra%2C%20Provincia%20de%20Buenos%20Aires!5e0!3m2!1ses-419!2sar!4v1594863828724!5m2!1ses-419!2sar\" width=\"100%\" height=\"350\" frameborder=\"0\" allowfullscreen=\"allowfullscreen\" aria-hidden=\"false\"><\/iframe>[\/vc_column_text][\/vc_column][\/vc_row][vc_row full_width=\u00bbstretch_row\u00bb wrap_container=\u00bbyes\u00bb remove_margin_bottom=\u00bbyes\u00bb remove_padding_bottom=\u00bbyes\u00bb el_class=\u00bbsec-res\u00bb][vc_column width=\u00bb2\/3&#8243; el_class=\u00bbinfo-box-small-wrap\u00bb css=\u00bb.vc_custom_1573647631675{margin-bottom: 0px !important;padding-top: 0px !important;}\u00bb][vc_custom_heading text=\u00bb<strong>CONT\u00c1CTENOS<\/strong>\u00bb use_theme_fonts=\u00bbyes\u00bb font_weight=\u00bb400&#8243;][vc_column_text css=\u00bb.vc_custom_1583586493798{padding-bottom: 0px !important;}\u00bb]<\/p>\n<p style=\"line-height: 20px; text-align: left;\">Todos los comentarios o intercambios son bienvenidos en nuestra empresa. Seg\u00fan su experiencia, estamos trabajando mucho para mejorar d\u00eda a d\u00eda. Si tiene algo que decir, h\u00e1ganoslo saber. Tambi\u00e9n puede pasar por nuestra tienda en los horarios indicados.<\/p>\n<p>[\/vc_column_text][vc_row_inner][vc_column_inner width=\u00bb1\/2&#8243;]<div class=\"porto-feature-box wpb_content_element  mb-0\"><div class=\"feature-box feature-box-primary feature-box-style-2\"><div class=\"feature-box-icon feature-box-icon-primary\"><i class=\"Simple-Line-Icons-location-pin text-color-primary\" style=\"font-size:40px\"><\/i><\/div><div class=\"feature-box-info\">[vc_custom_heading text=\u00bbDirecci\u00f3n\u00bb font_container=\u00bbtag:h2|text_align:left|color:%23383433|line_height:1&#8243; use_theme_fonts=\u00bbyes\u00bb font_weight=\u00bb500&#8243; el_class=\u00bbm-b-sm\u00bb][vc_column_text el_class=\u00bbfont-size-lg\u00bb]Av. Uni\u00f3n 1776 Pontevedra (Bs. As.)[\/vc_column_text]<\/div><\/div><\/div><div class=\"porto-feature-box wpb_content_element  mb-0\"><div class=\"feature-box feature-box-primary feature-box-style-2\"><div class=\"feature-box-icon feature-box-icon-primary\"><i class=\"Simple-Line-Icons-phone text-color-primary\" style=\"font-size:40px\"><\/i><\/div><div class=\"feature-box-info\">[vc_custom_heading text=\u00bbWhatsApp\u00bb font_container=\u00bbtag:h2|text_align:left|color:%23383433|line_height:1&#8243; use_theme_fonts=\u00bbyes\u00bb font_weight=\u00bb500&#8243; el_class=\u00bbm-b-sm\u00bb][vc_column_text el_class=\u00bbfont-size-lg\u00bb]<a href=\"https:\/\/api.whatsapp.com\/send?phone=5491136594000&amp;text=Hola!%20Quiero%20hacer%20una%20consulta\">11 3659 4000<\/a>[\/vc_column_text]<\/div><\/div><\/div>[\/vc_column_inner][vc_column_inner width=\u00bb1\/2&#8243;]<div class=\"porto-feature-box wpb_content_element  mb-0\"><div class=\"feature-box feature-box-primary feature-box-style-2\"><div class=\"feature-box-icon feature-box-icon-primary\"><i class=\"Simple-Line-Icons-envelope text-color-primary\" style=\"font-size:40px\"><\/i><\/div><div class=\"feature-box-info\">[vc_custom_heading text=\u00bbEmail\u00bb font_container=\u00bbtag:h2|text_align:left|color:%23383433|line_height:1&#8243; use_theme_fonts=\u00bbyes\u00bb font_weight=\u00bb500&#8243; el_class=\u00bbm-b-sm\u00bb][vc_column_text el_class=\u00bbfont-size-lg\u00bb]<a class=\"text-decoration-none\" href=\"mailto:info@tiendaomega.com.ar\">info@tiendaomega.com.ar<\/a>[\/vc_column_text]<\/div><\/div><\/div><div class=\"porto-feature-box wpb_content_element  mb-0\"><div class=\"feature-box feature-box-primary feature-box-style-2\"><div class=\"feature-box-icon feature-box-icon-primary\"><i class=\"Simple-Line-Icons-clock text-color-primary\" style=\"font-size:40px\"><\/i><\/div><div class=\"feature-box-info\">[vc_custom_heading text=\u00bbHorarios\u00bb font_container=\u00bbtag:h2|text_align:left|color:%23383433|line_height:1&#8243; use_theme_fonts=\u00bbyes\u00bb font_weight=\u00bb500&#8243; el_class=\u00bbm-b-sm\u00bb][vc_column_text el_class=\u00bbfont-size-lg\u00bb][\/vc_column_text]<\/div><\/div><\/div>[\/vc_column_inner][\/vc_row_inner][\/vc_column][vc_column width=\u00bb1\/3&#8243; css=\u00bb.vc_custom_1583586569812{padding-top: 20px !important;padding-right: 30px !important;padding-bottom: 20px !important;padding-left: 30px !important;background-color: #f8f8f8 !important;}\u00bb][vc_custom_heading text=\u00bb<strong>ESTAMOS EN CONTACTO<\/strong>\u00bb use_theme_fonts=\u00bbyes\u00bb font_weight=\u00bb400&#8243;]\n<div class=\"wpcf7 no-js\" id=\"wpcf7-f709-o1\" lang=\"es-ES\" dir=\"ltr\" data-wpcf7-id=\"709\">\n<div class=\"screen-reader-response\"><p role=\"status\" aria-live=\"polite\" aria-atomic=\"true\"><\/p> <ul><\/ul><\/div>\n<form action=\"\/wp\/wp-json\/wp\/v2\/pages\/2476#wpcf7-f709-o1\" method=\"post\" class=\"wpcf7-form init\" aria-label=\"Formulario de contacto\" novalidate=\"novalidate\" data-status=\"init\">\n<div style=\"display: none;\">\n<input type=\"hidden\" name=\"_wpcf7\" value=\"709\" \/>\n<input type=\"hidden\" name=\"_wpcf7_version\" value=\"6.0.5\" \/>\n<input type=\"hidden\" name=\"_wpcf7_locale\" value=\"es_ES\" \/>\n<input type=\"hidden\" name=\"_wpcf7_unit_tag\" value=\"wpcf7-f709-o1\" \/>\n<input type=\"hidden\" name=\"_wpcf7_container_post\" value=\"0\" \/>\n<input type=\"hidden\" name=\"_wpcf7_posted_data_hash\" value=\"\" \/>\n<\/div>\n<div class=\"row formcontacto\">\n  <div class=\"col-lg-12\"><div class=\"form-group\"><span class=\"wpcf7-form-control-wrap\" data-name=\"your-name\"><input size=\"40\" maxlength=\"400\" class=\"wpcf7-form-control wpcf7-text wpcf7-validates-as-required\" aria-required=\"true\" aria-invalid=\"false\" placeholder=\"Nombre y Apellido (*)\" value=\"\" type=\"text\" name=\"your-name\" \/><\/span><\/div><\/div>\n  <div class=\"col-lg-12\"><div class=\"form-group\"><span class=\"wpcf7-form-control-wrap\" data-name=\"your-email\"><input size=\"40\" maxlength=\"400\" class=\"wpcf7-form-control wpcf7-email wpcf7-validates-as-required wpcf7-text wpcf7-validates-as-email\" aria-required=\"true\" aria-invalid=\"false\" placeholder=\"Email (*)\" value=\"\" type=\"email\" name=\"your-email\" \/><\/span><\/div><\/div>\n  <div class=\"col-lg-12\"><div class=\"form-group\"><span class=\"wpcf7-form-control-wrap\" data-name=\"your-phone\"><input size=\"40\" maxlength=\"400\" class=\"wpcf7-form-control wpcf7-text\" aria-invalid=\"false\" placeholder=\"Tel\u00e9fono\" value=\"\" type=\"text\" name=\"your-phone\" \/><\/span><\/div><\/div>\n  <div class=\"col-lg-12\"><div class=\"form-group\"><span class=\"wpcf7-form-control-wrap\" data-name=\"your-message\"><textarea cols=\"40\" rows=\"5\" maxlength=\"2000\" class=\"wpcf7-form-control wpcf7-textarea\" aria-invalid=\"false\" placeholder=\"Mensaje\" name=\"your-message\"><\/textarea><\/span><\/div><\/div>\n  <div class=\"col-lg-12\"><div class=\"form-group\"><input class=\"wpcf7-form-control wpcf7-submit has-spinner btn btn-default\" type=\"submit\" value=\"Enviar\" \/><\/div><\/div>\n<\/div>\n\n<style type=\"text\/css\">.formcontacto input[type=\"email\"], .formcontacto input[type=\"text\"], .formcontacto textarea{border-color: #e9e9e9 !important;width: 100%;}\/*Mensaje*\/div.wpcf7-mail-sent-ok {border: 2px solid #F68535 !important;padding: 10px;}<\/style><div class=\"wpcf7-response-output\" aria-hidden=\"true\"><\/div>\n<\/form>\n<\/div>\n[\/vc_column][\/vc_row]<\/p>\n<\/div>","protected":false},"excerpt":{"rendered":"<p>[vc_row gap=\u00bb20&#8243; wrap_container=\u00bbyes\u00bb el_class=\u00bbcero\u00bb][vc_column][vc_column_text css=\u00bb.vc_custom_1594863846155{margin-bottom: 0px !important;padding-bottom: 0px !important;}\u00bb][\/vc_column_text][\/vc_column][\/vc_row][vc_row full_width=\u00bbstretch_row\u00bb wrap_container=\u00bbyes\u00bb remove_margin_bottom=\u00bbyes\u00bb remove_padding_bottom=\u00bbyes\u00bb el_class=\u00bbsec-res\u00bb][vc_column width=\u00bb2\/3&#8243; el_class=\u00bbinfo-box-small-wrap\u00bb css=\u00bb.vc_custom_1573647631675{margin-bottom: 0px !important;padding-top: 0px !important;}\u00bb][vc_custom_heading text=\u00bbCONT\u00c1CTENOS\u00bb use_theme_fonts=\u00bbyes\u00bb font_weight=\u00bb400&#8243;][vc_column_text css=\u00bb.vc_custom_1583586493798{padding-bottom: 0px !important;}\u00bb] Todos los comentarios o intercambios son bienvenidos en nuestra empresa. Seg\u00fan su experiencia, estamos trabajando mucho para mejorar d\u00eda a d\u00eda. Si tiene algo que decir, h\u00e1ganoslo saber. [&hellip;]<\/p>\n","protected":false},"author":5,"featured_media":1555,"parent":0,"menu_order":0,"comment_status":"closed","ping_status":"closed","template":"","meta":{"_joinchat":[],"footnotes":""},"class_list":["post-2476","page","type-page","status-publish","has-post-thumbnail","hentry"],"_links":{"self":[{"href":"https:\/\/tiendaomega.com.ar\/wp\/wp-json\/wp\/v2\/pages\/2476","targetHints":{"allow":["GET"]}}],"collection":[{"href":"https:\/\/tiendaomega.com.ar\/wp\/wp-json\/wp\/v2\/pages"}],"about":[{"href":"https:\/\/tiendaomega.com.ar\/wp\/wp-json\/wp\/v2\/types\/page"}],"author":[{"embeddable":true,"href":"https:\/\/tiendaomega.com.ar\/wp\/wp-json\/wp\/v2\/users\/5"}],"replies":[{"embeddable":true,"href":"https:\/\/tiendaomega.com.ar\/wp\/wp-json\/wp\/v2\/comments?post=2476"}],"version-history":[{"count":4,"href":"https:\/\/tiendaomega.com.ar\/wp\/wp-json\/wp\/v2\/pages\/2476\/revisions"}],"predecessor-version":[{"id":164214,"href":"https:\/\/tiendaomega.com.ar\/wp\/wp-json\/wp\/v2\/pages\/2476\/revisions\/164214"}],"wp:featuredmedia":[{"embeddable":true,"href":"https:\/\/tiendaomega.com.ar\/wp\/wp-json\/"}],"wp:attachment":[{"href":"https:\/\/tiendaomega.com.ar\/wp\/wp-json\/wp\/v2\/media?parent=2476"}],"curies":[{"name":"wp","href":"https:\/\/api.w.org\/{rel}","templated":true}]}}