{"id":111163,"date":"2020-12-15T15:35:37","date_gmt":"2020-12-15T18:35:37","guid":{"rendered":"https:\/\/tiendaomega.com.ar\/producto\/tec-y-mouse-logitech-mk220-wireless\/"},"modified":"2026-03-10T09:16:21","modified_gmt":"2026-03-10T12:16:21","slug":"tec-y-mouse-logitech-mk220-wireless","status":"publish","type":"product","link":"https:\/\/tiendaomega.com.ar\/wp\/producto\/tec-y-mouse-logitech-mk220-wireless\/","title":{"rendered":"TECLADO + MOUSE LOGITECH MK220 Wireless Negro"},"content":{"rendered":"<p>MUCHO M\u00c1S ESPACIOEste peque\u00f1o teclado tiene todas las teclas est\u00e1ndar, con lo que ahorrar\u00e1 espacio sin que le falte nada.LIBERTAD DE MOVIMIENTOLa fiable conexi\u00f3n inal\u00e1mbrica permite trabajar o jugar hasta a 10 metros de distancia sin apenas retrasos ni interrupciones.1AHORRO DE PILASSe olvidar\u00e1 de las pilas durante meses: 24 meses para el teclado y cinco para el rat\u00f3n.2DISE\u00d1O MUCHO M\u00c1S PEQUE\u00d1O, LAS MISMAS TECLASEl teclado compacto es un 36% m\u00e1s peque\u00f1o que los teclados normales, pero conserva todas las teclas est\u00e1ndar por lo que hacer lo que le gusta resulta m\u00e1s f\u00e1cil que nunca.TECNOLOG\u00cdA INAL\u00c1MBRICA AVANZADA DE 2,4 GHZPara trabajar o jugar desde m\u00e1s lugares como si estuviese en el sof\u00e1: la conexi\u00f3n inal\u00e1mbrica elimina casi por completo retrasos, interrupciones e interferencias y ofrece un alcance de hasta 10 metros.1MENOS COMPLICACIONES DE PILAS24 meses de duraci\u00f3n de las pilas del teclado y cinco meses de las del rat\u00f3n, para usarlos durante meses sin preocuparse por cambiar las pilas.2DISE\u00d1O ELEGANTE Y MINIMALISTAEl dise\u00f1o minimalista del teclado no es algo meramente est\u00e9tico, tiene una finalidad. La ausencia de espacio adicional entre las teclas lo hace compacto y elegante a la vez.SIMPLICIDAD PLUG AND PLAYLa instalaci\u00f3n es facil\u00edsima: basta con conectar el receptor inal\u00e1mbrico al puerto USB del ordenador para empezar a usar el teclado inmediatamente sin software.TECLAS SILENCIOSASLas teclas apenas hacen ruido, por lo que puede escuchar una canci\u00f3n tranquilamente en lugar del sonido de las teclas.<\/p>\n","protected":false},"excerpt":{"rendered":"<p>TECLADO + MOUSE LOGITECH MK220 Wireless Negro <\/p>\n","protected":false},"featured_media":464909,"template":"","meta":{"_joinchat":[]},"product_brand":[],"product_cat":[273,147],"product_tag":[],"class_list":{"0":"post-111163","1":"product","2":"type-product","3":"status-publish","4":"has-post-thumbnail","6":"product_cat-combo-inalambrico","7":"product_cat-perifericos","9":"first","10":"instock","11":"shipping-taxable","12":"purchasable","13":"product-type-simple"},"_links":{"self":[{"href":"https:\/\/tiendaomega.com.ar\/wp\/wp-json\/wp\/v2\/product\/111163","targetHints":{"allow":["GET"]}}],"collection":[{"href":"https:\/\/tiendaomega.com.ar\/wp\/wp-json\/wp\/v2\/product"}],"about":[{"href":"https:\/\/tiendaomega.com.ar\/wp\/wp-json\/wp\/v2\/types\/product"}],"wp:featuredmedia":[{"embeddable":true,"href":"https:\/\/tiendaomega.com.ar\/wp\/wp-json\/wp\/v2\/media\/464909"}],"wp:attachment":[{"href":"https:\/\/tiendaomega.com.ar\/wp\/wp-json\/wp\/v2\/media?parent=111163"}],"wp:term":[{"taxonomy":"product_brand","embeddable":true,"href":"https:\/\/tiendaomega.com.ar\/wp\/wp-json\/wp\/v2\/product_brand?post=111163"},{"taxonomy":"product_cat","embeddable":true,"href":"https:\/\/tiendaomega.com.ar\/wp\/wp-json\/wp\/v2\/product_cat?post=111163"},{"taxonomy":"product_tag","embeddable":true,"href":"https:\/\/tiendaomega.com.ar\/wp\/wp-json\/wp\/v2\/product_tag?post=111163"}],"curies":[{"name":"wp","href":"https:\/\/api.w.org\/{rel}","templated":true}]}}