{"id":111659,"date":"2020-12-16T07:15:58","date_gmt":"2020-12-16T10:15:58","guid":{"rendered":"https:\/\/tiendaomega.com.ar\/producto\/mouse-logitech-g502-hero\/"},"modified":"2026-04-14T10:40:33","modified_gmt":"2026-04-14T13:40:33","slug":"mouse-logitech-g502-hero","status":"publish","type":"product","link":"https:\/\/tiendaomega.com.ar\/wp\/producto\/mouse-logitech-g502-hero\/","title":{"rendered":"MOUSE LOGITECH G502 HERO"},"content":{"rendered":"<p>-Tipo de mouse: De juego-Tipo de sensor: \u00d3ptico-Con cable: S\u00ed-Resoluci\u00f3n del sensor: 16000 dpi-Cantidad de botones: 11-Interfaces: USB-Alcance m\u00e1ximo: 2.1 m-Con rueda de desplazamiento: S\u00ed-Con luces: S\u00ed<\/p>\n","protected":false},"excerpt":{"rendered":"<p>MOUSE LOGITECH G502 HERO <\/p>\n","protected":false},"featured_media":463018,"template":"","meta":{"_joinchat":[]},"product_brand":[],"product_cat":[148,147],"product_tag":[],"class_list":{"0":"post-111659","1":"product","2":"type-product","3":"status-publish","4":"has-post-thumbnail","6":"product_cat-mouse","7":"product_cat-perifericos","9":"first","10":"instock","11":"shipping-taxable","12":"purchasable","13":"product-type-simple"},"_links":{"self":[{"href":"https:\/\/tiendaomega.com.ar\/wp\/wp-json\/wp\/v2\/product\/111659","targetHints":{"allow":["GET"]}}],"collection":[{"href":"https:\/\/tiendaomega.com.ar\/wp\/wp-json\/wp\/v2\/product"}],"about":[{"href":"https:\/\/tiendaomega.com.ar\/wp\/wp-json\/wp\/v2\/types\/product"}],"wp:featuredmedia":[{"embeddable":true,"href":"https:\/\/tiendaomega.com.ar\/wp\/wp-json\/wp\/v2\/media\/463018"}],"wp:attachment":[{"href":"https:\/\/tiendaomega.com.ar\/wp\/wp-json\/wp\/v2\/media?parent=111659"}],"wp:term":[{"taxonomy":"product_brand","embeddable":true,"href":"https:\/\/tiendaomega.com.ar\/wp\/wp-json\/wp\/v2\/product_brand?post=111659"},{"taxonomy":"product_cat","embeddable":true,"href":"https:\/\/tiendaomega.com.ar\/wp\/wp-json\/wp\/v2\/product_cat?post=111659"},{"taxonomy":"product_tag","embeddable":true,"href":"https:\/\/tiendaomega.com.ar\/wp\/wp-json\/wp\/v2\/product_tag?post=111659"}],"curies":[{"name":"wp","href":"https:\/\/api.w.org\/{rel}","templated":true}]}}