{"id":126718,"date":"2021-01-21T16:11:21","date_gmt":"2021-01-21T19:11:21","guid":{"rendered":"https:\/\/tiendaomega.com.ar\/producto\/teclado-logitech-k120-usb-black\/"},"modified":"2026-03-07T09:09:21","modified_gmt":"2026-03-07T12:09:21","slug":"teclado-logitech-k120-usb-black","status":"publish","type":"product","link":"https:\/\/tiendaomega.com.ar\/wp\/producto\/teclado-logitech-k120-usb-black\/","title":{"rendered":"TECLADO LOGITECH K120 USB BLACK"},"content":{"rendered":"<p>Logitech K120 &#8211; Teclado (PCMac, USB)Un teclado USB que permite escribir c\u00f3modamente, durante mucho tiempo.-Escritura c\u00f3moda: Disfrutar\u00e1 de teclas planas que apenas hacen ruido y un dise\u00f1o est\u00e1ndar con teclas F y teclado num\u00e9rico de tama\u00f1o normal.-Atractivo y robusto: El teclado no es s\u00f3lo elegante: es resistente, con un dise\u00f1o resistente a salpicaduras*, s\u00f3lidas patas ajustables y teclas duraderas.-As\u00ed de simple: Basta con conectarlo al puerto USB de la computadora, port\u00e1til o netbook, y ya se puede empezar a usar.Con teclas planas, un dise\u00f1o est\u00e1ndar y un dise\u00f1o elegante y a la vez resistente, este teclado USB permite permite escribir con mayor comodidad, durante mucho tiempo.<\/p>\n","protected":false},"excerpt":{"rendered":"<p>TECLADO LOGITECH K120 USB BLACK<\/p>\n","protected":false},"featured_media":464676,"template":"","meta":{"_joinchat":[]},"product_brand":[],"product_cat":[147,149],"product_tag":[],"class_list":{"0":"post-126718","1":"product","2":"type-product","3":"status-publish","4":"has-post-thumbnail","6":"product_cat-perifericos","7":"product_cat-teclados","9":"first","10":"outofstock","11":"shipping-taxable","12":"purchasable","13":"product-type-simple"},"_links":{"self":[{"href":"https:\/\/tiendaomega.com.ar\/wp\/wp-json\/wp\/v2\/product\/126718","targetHints":{"allow":["GET"]}}],"collection":[{"href":"https:\/\/tiendaomega.com.ar\/wp\/wp-json\/wp\/v2\/product"}],"about":[{"href":"https:\/\/tiendaomega.com.ar\/wp\/wp-json\/wp\/v2\/types\/product"}],"wp:featuredmedia":[{"embeddable":true,"href":"https:\/\/tiendaomega.com.ar\/wp\/wp-json\/wp\/v2\/media\/464676"}],"wp:attachment":[{"href":"https:\/\/tiendaomega.com.ar\/wp\/wp-json\/wp\/v2\/media?parent=126718"}],"wp:term":[{"taxonomy":"product_brand","embeddable":true,"href":"https:\/\/tiendaomega.com.ar\/wp\/wp-json\/wp\/v2\/product_brand?post=126718"},{"taxonomy":"product_cat","embeddable":true,"href":"https:\/\/tiendaomega.com.ar\/wp\/wp-json\/wp\/v2\/product_cat?post=126718"},{"taxonomy":"product_tag","embeddable":true,"href":"https:\/\/tiendaomega.com.ar\/wp\/wp-json\/wp\/v2\/product_tag?post=126718"}],"curies":[{"name":"wp","href":"https:\/\/api.w.org\/{rel}","templated":true}]}}