{"id":126817,"date":"2021-02-01T15:26:37","date_gmt":"2021-02-01T18:26:37","guid":{"rendered":"https:\/\/tiendaomega.com.ar\/producto\/mic-con-auric-gxgenius-hs-g600v\/"},"modified":"2026-03-12T16:38:03","modified_gmt":"2026-03-12T19:38:03","slug":"mic-con-auric-gxgenius-hs-g600v","status":"publish","type":"product","link":"https:\/\/tiendaomega.com.ar\/wp\/producto\/mic-con-auric-gxgenius-hs-g600v\/","title":{"rendered":"MIC CON AURIC. GXGENIUS HS-G600V"},"content":{"rendered":"<p>Excelente rendimiento de audio para juegos.Con controladores de 40 mm.El micr\u00f3fono de posicionamiento proporciona una transmisi\u00f3n n\u00edtida, para una comunicaci\u00f3n de calidad.Los c\u00f3modos cojines para los o\u00eddos y el puente superior acolchado garantizan largas horas de juego o escucha con la m\u00e1xima comodidad.El auricular tiene un control de cable integrado que le permite ajustar el volumen y silenciar o activar el micr\u00f3fono.El cable duradero de 1.8 m est\u00e1 terminado por un conector USB para vibraci\u00f3n y un conector de 2 x 3.5 mm para la conexi\u00f3n a una computadora o computadora port\u00e1til.<\/p>\n","protected":false},"excerpt":{"rendered":"<p>MIC CON AURIC. GXGENIUS HS-G600V <\/p>\n","protected":false},"featured_media":463106,"template":"","meta":{"_joinchat":[]},"product_brand":[],"product_cat":[164,167],"product_tag":[],"class_list":{"0":"post-126817","1":"product","2":"type-product","3":"status-publish","4":"has-post-thumbnail","6":"product_cat-auriculares","7":"product_cat-pc","9":"first","10":"outofstock","11":"shipping-taxable","12":"purchasable","13":"product-type-simple"},"_links":{"self":[{"href":"https:\/\/tiendaomega.com.ar\/wp\/wp-json\/wp\/v2\/product\/126817","targetHints":{"allow":["GET"]}}],"collection":[{"href":"https:\/\/tiendaomega.com.ar\/wp\/wp-json\/wp\/v2\/product"}],"about":[{"href":"https:\/\/tiendaomega.com.ar\/wp\/wp-json\/wp\/v2\/types\/product"}],"wp:featuredmedia":[{"embeddable":true,"href":"https:\/\/tiendaomega.com.ar\/wp\/wp-json\/wp\/v2\/media\/463106"}],"wp:attachment":[{"href":"https:\/\/tiendaomega.com.ar\/wp\/wp-json\/wp\/v2\/media?parent=126817"}],"wp:term":[{"taxonomy":"product_brand","embeddable":true,"href":"https:\/\/tiendaomega.com.ar\/wp\/wp-json\/wp\/v2\/product_brand?post=126817"},{"taxonomy":"product_cat","embeddable":true,"href":"https:\/\/tiendaomega.com.ar\/wp\/wp-json\/wp\/v2\/product_cat?post=126817"},{"taxonomy":"product_tag","embeddable":true,"href":"https:\/\/tiendaomega.com.ar\/wp\/wp-json\/wp\/v2\/product_tag?post=126817"}],"curies":[{"name":"wp","href":"https:\/\/api.w.org\/{rel}","templated":true}]}}