{"id":127051,"date":"2021-02-05T20:25:51","date_gmt":"2021-02-05T23:25:51","guid":{"rendered":"https:\/\/tiendaomega.com.ar\/producto\/auricular-con-microfono-gigabyte-aorus-h5-stereo-rgb\/"},"modified":"2025-10-02T11:49:46","modified_gmt":"2025-10-02T14:49:46","slug":"auricular-con-microfono-gigabyte-aorus-h5-stereo-rgb","status":"publish","type":"product","link":"https:\/\/tiendaomega.com.ar\/wp\/producto\/auricular-con-microfono-gigabyte-aorus-h5-stereo-rgb\/","title":{"rendered":"AURICULAR CON MICROFONO GIGABYTE AORUS H5 STEREO RGB"},"content":{"rendered":"<p>GIGABYTEAORUS H5Auriculares para juegosCaracteristicasControladores de metal de berilio de 50 mmRGB Fusion 2.0 -16.7M iluminaci\u00f3n personalizableMicr\u00f3fono desmontable y flexibleConfort de uso para juegos prolongadosControles de sonido en l\u00edneaVista de 360\u00b0 Alrededor del AORUS H5Arrastra el mouse para rotar.CONTROLADOR DE BERILIO DE VANGUARDIASONIDOS PRECISOS Y EQUILIBRADOSLa introducci\u00f3n de controladores de metal de berilio r\u00edgidos y livianos de 50 mm permite que el AORUS H5 ofrezca sonidos excelentes, precisos y equilibrados, al tiempo que elimina la vibraci\u00f3n innecesaria para mejorar la transparencia del sonido.16,7M de iluminaci\u00f3n RGB personalizableRGB FUSION 2.0Con 16,7 millones de opciones de color personalizables y numerosos efectos de iluminaci\u00f3n, puede elegir efectos de iluminaci\u00f3n o sincronizarlos con otros dispositivos AORUS.Obtenga m\u00e1s informaci\u00f3n sobre RGB Fusion 2.0CONFORT DE USO PARA JUEGOS PROLONGADOSDISE\u00d1O LIGEROEl marco liviano reduce la presi\u00f3n general alrededor de las orejas y garantiza su mayor comodidad para sesiones de juego prolongadas.DIADEMAS DE SUSPENSI\u00d3NLas diademas de suspensi\u00f3n afinadas ayudan a distribuir uniformemente el peso sobre las bandas y se ajustan perfectamente a cada tama\u00f1o de cabeza individual.ALMOHADILLAS Y DIADEMA ACOLCHADASCubierto con cojines suaves en los auriculares y la banda para la cabeza, AORUS H5 garantiza sesiones de juego extra c\u00f3modas al tiempo que bloquea los factores de ruido externo.<\/p>\n","protected":false},"excerpt":{"rendered":"<p>AURICULAR CON MICROFONO GIGABYTE AORUS H5 STEREO RGB<\/p>\n","protected":false},"featured_media":188632,"template":"","meta":{"_joinchat":[]},"product_brand":[],"product_cat":[164,167],"product_tag":[],"class_list":{"0":"post-127051","1":"product","2":"type-product","3":"status-publish","4":"has-post-thumbnail","6":"product_cat-auriculares","7":"product_cat-pc","9":"first","10":"outofstock","11":"shipping-taxable","12":"purchasable","13":"product-type-simple"},"_links":{"self":[{"href":"https:\/\/tiendaomega.com.ar\/wp\/wp-json\/wp\/v2\/product\/127051","targetHints":{"allow":["GET"]}}],"collection":[{"href":"https:\/\/tiendaomega.com.ar\/wp\/wp-json\/wp\/v2\/product"}],"about":[{"href":"https:\/\/tiendaomega.com.ar\/wp\/wp-json\/wp\/v2\/types\/product"}],"wp:featuredmedia":[{"embeddable":true,"href":"https:\/\/tiendaomega.com.ar\/wp\/wp-json\/wp\/v2\/media\/188632"}],"wp:attachment":[{"href":"https:\/\/tiendaomega.com.ar\/wp\/wp-json\/wp\/v2\/media?parent=127051"}],"wp:term":[{"taxonomy":"product_brand","embeddable":true,"href":"https:\/\/tiendaomega.com.ar\/wp\/wp-json\/wp\/v2\/product_brand?post=127051"},{"taxonomy":"product_cat","embeddable":true,"href":"https:\/\/tiendaomega.com.ar\/wp\/wp-json\/wp\/v2\/product_cat?post=127051"},{"taxonomy":"product_tag","embeddable":true,"href":"https:\/\/tiendaomega.com.ar\/wp\/wp-json\/wp\/v2\/product_tag?post=127051"}],"curies":[{"name":"wp","href":"https:\/\/api.w.org\/{rel}","templated":true}]}}