{"id":127307,"date":"2021-02-26T17:47:38","date_gmt":"2021-02-26T20:47:38","guid":{"rendered":"https:\/\/tiendaomega.com.ar\/producto\/auricular-con-microfono-logitech-g533-wireless\/"},"modified":"2025-10-02T11:13:42","modified_gmt":"2025-10-02T14:13:42","slug":"auricular-con-microfono-logitech-g533-wireless","status":"publish","type":"product","link":"https:\/\/tiendaomega.com.ar\/wp\/producto\/auricular-con-microfono-logitech-g533-wireless\/","title":{"rendered":"AURICULAR CON MICROFONO LOGITECH G533 WIRELESS"},"content":{"rendered":"<p>Los auriculares para gamers con micr\u00f3fono y sonido envolvente DTD 7.1Logitech G533 tienen un desempe\u00f1o de audio avanzado. Los transductores de audio Pro-G pendientes de patente est\u00e1n hechos con materiales de malla h\u00edbrida y ofrecen una calidad de audio similar a la de los auriculares de gama alta.La tecnolog\u00eda DTS Headphone:X reproduce con precisi\u00f3n la colocaci\u00f3n de altavoces 7.1 y el posicionamiento de audio. Los auriculares G533 consiguen recrear los efectos ambientales de los juegos y el audio posicional que los dise\u00f1adores de los juegos quer\u00edan que oyeras.Incluso puedes ajustar los niveles de volumen de cada uno de los 7 canales de audio para, por ejemplo, amplificar sonidos de juego procedentes de canales posteriores, para o\u00edr cosas que ocurren a tu espalda.Los auriculares con micr\u00f3fono G533 ofrecen transmisi\u00f3n de audio digital sin p\u00e9rdida, comodidad inal\u00e1mbrica y alta fidelidad de sonido en un radio de acci\u00f3n de 15 metros.Los auriculares con micr\u00f3fono G533 se han dise\u00f1ado para mantener una conexi\u00f3n estable incluso en entornos con muchas interferencias electromagn\u00e9ticas, como cuando hay otras se\u00f1ales inal\u00e1mbricas en las cercan\u00edas.<\/p>\n","protected":false},"excerpt":{"rendered":"<p>AURICULAR CON MICROFONO LOGITECH G533 WIRELESS<\/p>\n","protected":false},"featured_media":183205,"template":"","meta":{"_joinchat":[]},"product_brand":[],"product_cat":[164,167],"product_tag":[],"class_list":{"0":"post-127307","1":"product","2":"type-product","3":"status-publish","4":"has-post-thumbnail","6":"product_cat-auriculares","7":"product_cat-pc","9":"first","10":"outofstock","11":"shipping-taxable","12":"purchasable","13":"product-type-simple"},"_links":{"self":[{"href":"https:\/\/tiendaomega.com.ar\/wp\/wp-json\/wp\/v2\/product\/127307","targetHints":{"allow":["GET"]}}],"collection":[{"href":"https:\/\/tiendaomega.com.ar\/wp\/wp-json\/wp\/v2\/product"}],"about":[{"href":"https:\/\/tiendaomega.com.ar\/wp\/wp-json\/wp\/v2\/types\/product"}],"wp:featuredmedia":[{"embeddable":true,"href":"https:\/\/tiendaomega.com.ar\/wp\/wp-json\/wp\/v2\/media\/183205"}],"wp:attachment":[{"href":"https:\/\/tiendaomega.com.ar\/wp\/wp-json\/wp\/v2\/media?parent=127307"}],"wp:term":[{"taxonomy":"product_brand","embeddable":true,"href":"https:\/\/tiendaomega.com.ar\/wp\/wp-json\/wp\/v2\/product_brand?post=127307"},{"taxonomy":"product_cat","embeddable":true,"href":"https:\/\/tiendaomega.com.ar\/wp\/wp-json\/wp\/v2\/product_cat?post=127307"},{"taxonomy":"product_tag","embeddable":true,"href":"https:\/\/tiendaomega.com.ar\/wp\/wp-json\/wp\/v2\/product_tag?post=127307"}],"curies":[{"name":"wp","href":"https:\/\/api.w.org\/{rel}","templated":true}]}}