{"id":156803,"date":"2021-07-15T16:54:07","date_gmt":"2021-07-15T19:54:07","guid":{"rendered":"https:\/\/tiendaomega.com.ar\/producto\/hub-usb-tplink-uh400-4-puertos-3-0\/"},"modified":"2025-10-02T11:38:16","modified_gmt":"2025-10-02T14:38:16","slug":"hub-usb-tplink-uh400-4-puertos-3-0","status":"publish","type":"product","link":"https:\/\/tiendaomega.com.ar\/wp\/producto\/hub-usb-tplink-uh400-4-puertos-3-0\/","title":{"rendered":"HUB USB TPLINK UH400 4 PUERTOS 3.0"},"content":{"rendered":"<p>El UH400 soporta todos los dispositivos USB incluyendo memorias USB, ratones, impresoras o cualquier otro dispositivo USB con el que quiera trabajar simult\u00e1neamente. Puertos USB 3.0 ofrecen velocidades de transferencia de hasta 5Gbps, 10 veces m\u00e1s r\u00e1pido que el est\u00e1ndar USB 2.0.<\/p>\n","protected":false},"excerpt":{"rendered":"<p>HUB USB TPLINK UH400 4 PUERTOS 3.0 <\/p>\n","protected":false},"featured_media":446897,"template":"","meta":{"_joinchat":[]},"product_brand":[],"product_cat":[169,235],"product_tag":[],"class_list":{"0":"post-156803","1":"product","2":"type-product","3":"status-publish","4":"has-post-thumbnail","6":"product_cat-accesorios-168","7":"product_cat-adaptadores","9":"first","10":"outofstock","11":"shipping-taxable","12":"purchasable","13":"product-type-simple"},"_links":{"self":[{"href":"https:\/\/tiendaomega.com.ar\/wp\/wp-json\/wp\/v2\/product\/156803","targetHints":{"allow":["GET"]}}],"collection":[{"href":"https:\/\/tiendaomega.com.ar\/wp\/wp-json\/wp\/v2\/product"}],"about":[{"href":"https:\/\/tiendaomega.com.ar\/wp\/wp-json\/wp\/v2\/types\/product"}],"wp:featuredmedia":[{"embeddable":true,"href":"https:\/\/tiendaomega.com.ar\/wp\/wp-json\/wp\/v2\/media\/446897"}],"wp:attachment":[{"href":"https:\/\/tiendaomega.com.ar\/wp\/wp-json\/wp\/v2\/media?parent=156803"}],"wp:term":[{"taxonomy":"product_brand","embeddable":true,"href":"https:\/\/tiendaomega.com.ar\/wp\/wp-json\/wp\/v2\/product_brand?post=156803"},{"taxonomy":"product_cat","embeddable":true,"href":"https:\/\/tiendaomega.com.ar\/wp\/wp-json\/wp\/v2\/product_cat?post=156803"},{"taxonomy":"product_tag","embeddable":true,"href":"https:\/\/tiendaomega.com.ar\/wp\/wp-json\/wp\/v2\/product_tag?post=156803"}],"curies":[{"name":"wp","href":"https:\/\/api.w.org\/{rel}","templated":true}]}}