{"id":158016,"date":"2021-08-18T12:19:26","date_gmt":"2021-08-18T15:19:26","guid":{"rendered":"https:\/\/tiendaomega.com.ar\/producto\/cable-usb-typo-c-macho-a-usb-2-0-1-8-metro-xtech-xtc-510\/"},"modified":"2025-10-07T09:54:37","modified_gmt":"2025-10-07T12:54:37","slug":"cable-usb-typo-c-macho-a-usb-2-0-1-8-metro-xtech-xtc-510","status":"publish","type":"product","link":"https:\/\/tiendaomega.com.ar\/wp\/producto\/cable-usb-typo-c-macho-a-usb-2-0-1-8-metro-xtech-xtc-510\/","title":{"rendered":"CABLE USB TYPO C MACHO A USB 2.0 1.8 METRO XTECH XTC-510"},"content":{"rendered":"<p>Cable para carga y transferencia de datos Calibre del cable: 28 AWG.  Conductor: Cobre esta\u00f1ado. Revestimiento: Pl\u00e1stico PVC. Di\u00e1metro externo: 3,8mm. Longitud: 1,8m.<\/p>\n","protected":false},"excerpt":{"rendered":"<p>CABLE USB TYPO C MACHO A USB 2.0 1.8 METRO XTECH XTC-510<\/p>\n","protected":false},"featured_media":456595,"template":"","meta":{"_joinchat":[]},"product_brand":[],"product_cat":[249,252],"product_tag":[],"class_list":{"0":"post-158016","1":"product","2":"type-product","3":"status-publish","4":"has-post-thumbnail","6":"product_cat-cables","7":"product_cat-celular","9":"first","10":"instock","11":"shipping-taxable","12":"purchasable","13":"product-type-simple"},"_links":{"self":[{"href":"https:\/\/tiendaomega.com.ar\/wp\/wp-json\/wp\/v2\/product\/158016","targetHints":{"allow":["GET"]}}],"collection":[{"href":"https:\/\/tiendaomega.com.ar\/wp\/wp-json\/wp\/v2\/product"}],"about":[{"href":"https:\/\/tiendaomega.com.ar\/wp\/wp-json\/wp\/v2\/types\/product"}],"wp:featuredmedia":[{"embeddable":true,"href":"https:\/\/tiendaomega.com.ar\/wp\/wp-json\/wp\/v2\/media\/456595"}],"wp:attachment":[{"href":"https:\/\/tiendaomega.com.ar\/wp\/wp-json\/wp\/v2\/media?parent=158016"}],"wp:term":[{"taxonomy":"product_brand","embeddable":true,"href":"https:\/\/tiendaomega.com.ar\/wp\/wp-json\/wp\/v2\/product_brand?post=158016"},{"taxonomy":"product_cat","embeddable":true,"href":"https:\/\/tiendaomega.com.ar\/wp\/wp-json\/wp\/v2\/product_cat?post=158016"},{"taxonomy":"product_tag","embeddable":true,"href":"https:\/\/tiendaomega.com.ar\/wp\/wp-json\/wp\/v2\/product_tag?post=158016"}],"curies":[{"name":"wp","href":"https:\/\/api.w.org\/{rel}","templated":true}]}}