{"id":159052,"date":"2021-09-11T21:03:33","date_gmt":"2021-09-12T00:03:33","guid":{"rendered":"https:\/\/tiendaomega.com.ar\/producto\/mochila-krosselegance-versatil-ke-bpl20-15-4%c2%a8-negro\/"},"modified":"2025-10-02T10:52:37","modified_gmt":"2025-10-02T13:52:37","slug":"mochila-krosselegance-versatil-ke-bpl20-15-4%c2%a8-negro","status":"publish","type":"product","link":"https:\/\/tiendaomega.com.ar\/wp\/producto\/mochila-krosselegance-versatil-ke-bpl20-15-4%c2%a8-negro\/","title":{"rendered":"MOCHILA KROSSELEGANCE VERSATIL KE-BPL20 15.4\u00a8 NEGRO"},"content":{"rendered":"<p>omposici\u00f3n: 100% Poli\u00e9sterForro: 100% Poli\u00e9sterRelleno: Espuma de PoliuretanoEsta mochila est\u00e1 hecha para ti que te gusta un dise\u00f1o moderno y despojado, sin dejar de lado la calidad. Con \u00e9l, puede transportar port\u00e1tiles de hasta 15,4 pulgadas sin problemas y, lo que es m\u00e1s importante, muy c\u00f3modamente. Fabricado en nailon, tiene correas acolchadas, lo que facilita la movilidad y el bienestar en el uso. Adem\u00e1s, la seguridad de este producto es \u00fanica.<\/p>\n","protected":false},"excerpt":{"rendered":"<p>MOCHILA KROSSELEGANCE VERSATIL KE-BPL20 15.4\u00a8 NEGRO<\/p>\n","protected":false},"featured_media":186337,"template":"","meta":{"_joinchat":[]},"product_brand":[],"product_cat":[169,262],"product_tag":[],"class_list":{"0":"post-159052","1":"product","2":"type-product","3":"status-publish","4":"has-post-thumbnail","6":"product_cat-accesorios-168","7":"product_cat-fundas","9":"first","10":"outofstock","11":"shipping-taxable","12":"purchasable","13":"product-type-simple"},"_links":{"self":[{"href":"https:\/\/tiendaomega.com.ar\/wp\/wp-json\/wp\/v2\/product\/159052","targetHints":{"allow":["GET"]}}],"collection":[{"href":"https:\/\/tiendaomega.com.ar\/wp\/wp-json\/wp\/v2\/product"}],"about":[{"href":"https:\/\/tiendaomega.com.ar\/wp\/wp-json\/wp\/v2\/types\/product"}],"wp:featuredmedia":[{"embeddable":true,"href":"https:\/\/tiendaomega.com.ar\/wp\/wp-json\/wp\/v2\/media\/186337"}],"wp:attachment":[{"href":"https:\/\/tiendaomega.com.ar\/wp\/wp-json\/wp\/v2\/media?parent=159052"}],"wp:term":[{"taxonomy":"product_brand","embeddable":true,"href":"https:\/\/tiendaomega.com.ar\/wp\/wp-json\/wp\/v2\/product_brand?post=159052"},{"taxonomy":"product_cat","embeddable":true,"href":"https:\/\/tiendaomega.com.ar\/wp\/wp-json\/wp\/v2\/product_cat?post=159052"},{"taxonomy":"product_tag","embeddable":true,"href":"https:\/\/tiendaomega.com.ar\/wp\/wp-json\/wp\/v2\/product_tag?post=159052"}],"curies":[{"name":"wp","href":"https:\/\/api.w.org\/{rel}","templated":true}]}}