{"id":159635,"date":"2021-09-23T11:35:46","date_gmt":"2021-09-23T14:35:46","guid":{"rendered":"https:\/\/tiendaomega.com.ar\/producto\/auricular-jbl-tune-t110-azul-con-mic\/"},"modified":"2026-04-27T17:38:37","modified_gmt":"2026-04-27T20:38:37","slug":"auricular-jbl-tune-t110-azul-con-mic","status":"publish","type":"product","link":"https:\/\/tiendaomega.com.ar\/wp\/producto\/auricular-jbl-tune-t110-azul-con-mic\/","title":{"rendered":"AURICULAR JBL TUNE T110 AZUL (CON MIC.)"},"content":{"rendered":"<p>Los auriculares JBL T110 te brindar\u00e1n una c\u00f3modidad y una calidad incre\u00edble debido a su tama\u00f1o y su potencia de sonido. Posee unos graves poderosos, unos medios equilibrados y unos agudos altamente claros, posee un bot\u00f3n para recibir llamadas, micr\u00f3fono con supresi\u00f3n de ruidos y un cable duradero y que no se enrosca.Compatible con: SmartphonesTabletsTipo de conector: 3.5mm PlugLargo del cable: 1 metro<\/p>\n","protected":false},"excerpt":{"rendered":"<p>AURICULAR JBL TUNE T110 AZUL (CON MIC.)<\/p>\n","protected":false},"featured_media":463468,"template":"","meta":{"_joinchat":[]},"product_brand":[],"product_cat":[164,165],"product_tag":[],"class_list":{"0":"post-159635","1":"product","2":"type-product","3":"status-publish","4":"has-post-thumbnail","6":"product_cat-auriculares","7":"product_cat-celularesps4","9":"first","10":"outofstock","11":"shipping-taxable","12":"purchasable","13":"product-type-simple"},"_links":{"self":[{"href":"https:\/\/tiendaomega.com.ar\/wp\/wp-json\/wp\/v2\/product\/159635","targetHints":{"allow":["GET"]}}],"collection":[{"href":"https:\/\/tiendaomega.com.ar\/wp\/wp-json\/wp\/v2\/product"}],"about":[{"href":"https:\/\/tiendaomega.com.ar\/wp\/wp-json\/wp\/v2\/types\/product"}],"wp:featuredmedia":[{"embeddable":true,"href":"https:\/\/tiendaomega.com.ar\/wp\/wp-json\/wp\/v2\/media\/463468"}],"wp:attachment":[{"href":"https:\/\/tiendaomega.com.ar\/wp\/wp-json\/wp\/v2\/media?parent=159635"}],"wp:term":[{"taxonomy":"product_brand","embeddable":true,"href":"https:\/\/tiendaomega.com.ar\/wp\/wp-json\/wp\/v2\/product_brand?post=159635"},{"taxonomy":"product_cat","embeddable":true,"href":"https:\/\/tiendaomega.com.ar\/wp\/wp-json\/wp\/v2\/product_cat?post=159635"},{"taxonomy":"product_tag","embeddable":true,"href":"https:\/\/tiendaomega.com.ar\/wp\/wp-json\/wp\/v2\/product_tag?post=159635"}],"curies":[{"name":"wp","href":"https:\/\/api.w.org\/{rel}","templated":true}]}}