{"id":161222,"date":"2021-10-27T21:16:37","date_gmt":"2021-10-28T00:16:37","guid":{"rendered":"https:\/\/tiendaomega.com.ar\/producto\/auricular-xiaomi-i12-negro\/"},"modified":"2025-10-02T11:03:49","modified_gmt":"2025-10-02T14:03:49","slug":"auricular-xiaomi-i12-negro","status":"publish","type":"product","link":"https:\/\/tiendaomega.com.ar\/wp\/producto\/auricular-xiaomi-i12-negro\/","title":{"rendered":"AURICULAR XIAOMI IN-EAR NEGRO Con microfono"},"content":{"rendered":"<p>Descripci\u00f3nXiaomi, marca de origen china nacida en 2010 es nueva en relaci\u00f3n con otras compa\u00f1\u00edas. Sin embargo, esta corporaci\u00f3n asi\u00e1tica creci\u00f3 a pasos agigantados y hoy en d\u00eda es una referente en el mundo de la electr\u00f3nica. En cuanto a la gama de audio, fabrica auriculares de todo tipo: ergon\u00f3micos, intrauditivos, inal\u00e1mbricos o con cable. Cualquier opci\u00f3n que elijas ser\u00e1 suficiente para disfrutar de una calidad de sonido inigualable.El formato perfecto para vosAl ser in-ear, mejoran la calidad del audio y son de tama\u00f1o peque\u00f1o para poder insertarse en tu oreja. Son ideales para acompa\u00f1arte a la hora de hacer ejercicio mientras te sumerg\u00eds en el mejor sonido envolvente.<\/p>\n","protected":false},"excerpt":{"rendered":"<p>AURICULAR XIAOMI IN-EAR NEGRO Con microfono<\/p>\n","protected":false},"featured_media":181181,"template":"","meta":{"_joinchat":[]},"product_brand":[],"product_cat":[164,165],"product_tag":[],"class_list":{"0":"post-161222","1":"product","2":"type-product","3":"status-publish","4":"has-post-thumbnail","6":"product_cat-auriculares","7":"product_cat-celularesps4","9":"first","10":"outofstock","11":"shipping-taxable","12":"purchasable","13":"product-type-simple"},"_links":{"self":[{"href":"https:\/\/tiendaomega.com.ar\/wp\/wp-json\/wp\/v2\/product\/161222","targetHints":{"allow":["GET"]}}],"collection":[{"href":"https:\/\/tiendaomega.com.ar\/wp\/wp-json\/wp\/v2\/product"}],"about":[{"href":"https:\/\/tiendaomega.com.ar\/wp\/wp-json\/wp\/v2\/types\/product"}],"wp:featuredmedia":[{"embeddable":true,"href":"https:\/\/tiendaomega.com.ar\/wp\/wp-json\/wp\/v2\/media\/181181"}],"wp:attachment":[{"href":"https:\/\/tiendaomega.com.ar\/wp\/wp-json\/wp\/v2\/media?parent=161222"}],"wp:term":[{"taxonomy":"product_brand","embeddable":true,"href":"https:\/\/tiendaomega.com.ar\/wp\/wp-json\/wp\/v2\/product_brand?post=161222"},{"taxonomy":"product_cat","embeddable":true,"href":"https:\/\/tiendaomega.com.ar\/wp\/wp-json\/wp\/v2\/product_cat?post=161222"},{"taxonomy":"product_tag","embeddable":true,"href":"https:\/\/tiendaomega.com.ar\/wp\/wp-json\/wp\/v2\/product_tag?post=161222"}],"curies":[{"name":"wp","href":"https:\/\/api.w.org\/{rel}","templated":true}]}}