{"id":161955,"date":"2021-11-07T21:58:23","date_gmt":"2021-11-08T00:58:23","guid":{"rendered":"https:\/\/tiendaomega.com.ar\/producto\/auricular-wireless-con-mic-logitech-g435-blanco-rgb\/"},"modified":"2025-10-02T10:54:04","modified_gmt":"2025-10-02T13:54:04","slug":"auricular-wireless-con-mic-logitech-g435-blanco-rgb","status":"publish","type":"product","link":"https:\/\/tiendaomega.com.ar\/wp\/producto\/auricular-wireless-con-mic-logitech-g435-blanco-rgb\/","title":{"rendered":"AURICULAR WIRELESS CON MIC LOGITECH G435 Blanco"},"content":{"rendered":"<p>Tecnolog\u00eda inal\u00e1mbrica LIGHTSPEED: Puerto USB 2.0 (puerto tipo A). PC con Windows\u00ae 10  macOS X 10.14  PlayStation 5 o PlayStation 4Bluetooth: Dispositivos con conectividad de audio BluetoothCompatibles Dolby Atmos, Tempest 3D AudioTech y Windows Sonic Spatial SoundAUD\u00cdFONOSPeso: 165 gramosDimensiones: 163\u00d7170\u00d771 mmTransductores de audio: 40 mmRespuesta de frecuencia: 20 Hz-20 kHzImpedancia: 45 ohmios (pasivo)Sensibilidad: 83,1 dB SPLmWVolumen m\u00e1ximo:DOS MICR\u00d3FONOS DE FORMACI\u00d3N DE HACES INTEGRADOS:Respuesta de frecuencia: 100 Hz &#8211; 8 kHzRADIO DE ACCI\u00d3N INAL\u00c1MBRICOHasta 10 metros mediante receptor USB LIGHTSPEED o BluetoothBATER\u00cdA (RECARGABLE):Tiempo de uso: 18 horasPuerto de carga USB-CCable de carga: USB-A a USB-CESPECIFICACIONES DE SOSTENIBILIDADPL\u00c1STICO RECICLADOLas piezas de pl\u00e1stico contienen un m\u00ednimo de 22% de pl\u00e1stico reciclado posconsumo por peso, lo que da una segunda vida a los productos electr\u00f3nicos al final de su vida \u00fatil y contribuye a una econom\u00eda m\u00e1s circular.EMPACADO RESPONSABLEEl empacado de papel procede de bosques con certificaci\u00f3n FSC. Al elegir este producto, contribuyes a la conservaci\u00f3n de los bosques del mundo.CERTIFICACI\u00d3N CARBONNEUTRALPor cada producto que compres, financiamos compensaciones de carbono certificadas de alta calidad, para reducir a cero la huella de carbono del producto.EN LA CAJAAud\u00edfonos con micr\u00f3fono G435tReceptor inal\u00e1mbrico USB-A LIGHTSPEEDCable de carga USB-C a USB-ADocumentaci\u00f3n del usuario<\/p>\n","protected":false},"excerpt":{"rendered":"<p>AURICULAR WIRELESS CON MIC LOGITECH G435 Blanco<\/p>\n","protected":false},"featured_media":187901,"template":"","meta":{"_joinchat":[]},"product_brand":[],"product_cat":[164,167],"product_tag":[],"class_list":{"0":"post-161955","1":"product","2":"type-product","3":"status-publish","4":"has-post-thumbnail","6":"product_cat-auriculares","7":"product_cat-pc","9":"first","10":"outofstock","11":"shipping-taxable","12":"purchasable","13":"product-type-simple"},"_links":{"self":[{"href":"https:\/\/tiendaomega.com.ar\/wp\/wp-json\/wp\/v2\/product\/161955","targetHints":{"allow":["GET"]}}],"collection":[{"href":"https:\/\/tiendaomega.com.ar\/wp\/wp-json\/wp\/v2\/product"}],"about":[{"href":"https:\/\/tiendaomega.com.ar\/wp\/wp-json\/wp\/v2\/types\/product"}],"wp:featuredmedia":[{"embeddable":true,"href":"https:\/\/tiendaomega.com.ar\/wp\/wp-json\/wp\/v2\/media\/187901"}],"wp:attachment":[{"href":"https:\/\/tiendaomega.com.ar\/wp\/wp-json\/wp\/v2\/media?parent=161955"}],"wp:term":[{"taxonomy":"product_brand","embeddable":true,"href":"https:\/\/tiendaomega.com.ar\/wp\/wp-json\/wp\/v2\/product_brand?post=161955"},{"taxonomy":"product_cat","embeddable":true,"href":"https:\/\/tiendaomega.com.ar\/wp\/wp-json\/wp\/v2\/product_cat?post=161955"},{"taxonomy":"product_tag","embeddable":true,"href":"https:\/\/tiendaomega.com.ar\/wp\/wp-json\/wp\/v2\/product_tag?post=161955"}],"curies":[{"name":"wp","href":"https:\/\/api.w.org\/{rel}","templated":true}]}}