{"id":161992,"date":"2021-11-09T15:05:18","date_gmt":"2021-11-09T18:05:18","guid":{"rendered":"https:\/\/tiendaomega.com.ar\/producto\/auricular-pixpro-bluethhot-sm100-negro\/"},"modified":"2025-10-02T10:54:06","modified_gmt":"2025-10-02T13:54:06","slug":"auricular-pixpro-bluethhot-sm100-negro","status":"publish","type":"product","link":"https:\/\/tiendaomega.com.ar\/wp\/producto\/auricular-pixpro-bluethhot-sm100-negro\/","title":{"rendered":"AURICULAR PIXPRO BLUETHHOT SM100 NEGRO"},"content":{"rendered":"<p>&#8211; Marca:PIXPRO.- Tipo de Auricular: Audio.- Formato de Uso: In Ear.- Micr\u00f3fono Integrado: Si- Control de Volumen: Si.- Bluetooth.- Generaci\u00f3n: 1era.- Bot\u00f3n para Atender Llamadas:No.- Compatible con: Notebook, iOS, Android, Tablet.- Modelo: in Ear Bluetooth SmartSound SM100.- Tipo de Conexi\u00f3n:Wireless.- Color: Negro- Cancelaci\u00f3n de Ruido: No.- Conectividad de Auriculares: Inal\u00e1mbrico.- Versi\u00f3n Bluetooth: 5.0.- Almohadillas de Silicona: No.- Indicador de Bater\u00eda Baja: No.- Incluye: Estuche de Carga.- Tiempo de conversaci\u00f3n: 2,4 horas.- Tiempo de recarga: 40 minutos.<\/p>\n","protected":false},"excerpt":{"rendered":"<p>AURICULAR PIXPRO BLUETHHOT SM100 NEGRO<\/p>\n","protected":false},"featured_media":182875,"template":"","meta":{"_joinchat":[]},"product_brand":[],"product_cat":[164,166],"product_tag":[],"class_list":{"0":"post-161992","1":"product","2":"type-product","3":"status-publish","4":"has-post-thumbnail","6":"product_cat-auriculares","7":"product_cat-bluetooth","9":"first","10":"outofstock","11":"shipping-taxable","12":"purchasable","13":"product-type-simple"},"_links":{"self":[{"href":"https:\/\/tiendaomega.com.ar\/wp\/wp-json\/wp\/v2\/product\/161992","targetHints":{"allow":["GET"]}}],"collection":[{"href":"https:\/\/tiendaomega.com.ar\/wp\/wp-json\/wp\/v2\/product"}],"about":[{"href":"https:\/\/tiendaomega.com.ar\/wp\/wp-json\/wp\/v2\/types\/product"}],"wp:featuredmedia":[{"embeddable":true,"href":"https:\/\/tiendaomega.com.ar\/wp\/wp-json\/wp\/v2\/media\/182875"}],"wp:attachment":[{"href":"https:\/\/tiendaomega.com.ar\/wp\/wp-json\/wp\/v2\/media?parent=161992"}],"wp:term":[{"taxonomy":"product_brand","embeddable":true,"href":"https:\/\/tiendaomega.com.ar\/wp\/wp-json\/wp\/v2\/product_brand?post=161992"},{"taxonomy":"product_cat","embeddable":true,"href":"https:\/\/tiendaomega.com.ar\/wp\/wp-json\/wp\/v2\/product_cat?post=161992"},{"taxonomy":"product_tag","embeddable":true,"href":"https:\/\/tiendaomega.com.ar\/wp\/wp-json\/wp\/v2\/product_tag?post=161992"}],"curies":[{"name":"wp","href":"https:\/\/api.w.org\/{rel}","templated":true}]}}