{"id":162351,"date":"2021-11-18T20:48:32","date_gmt":"2021-11-18T23:48:32","guid":{"rendered":"https:\/\/tiendaomega.com.ar\/producto\/microfono-netmak-inalambrico-karaoke-nm-mc9\/"},"modified":"2025-10-02T11:55:20","modified_gmt":"2025-10-02T14:55:20","slug":"microfono-netmak-inalambrico-karaoke-nm-mc9","status":"publish","type":"product","link":"https:\/\/tiendaomega.com.ar\/wp\/producto\/microfono-netmak-inalambrico-karaoke-nm-mc9\/","title":{"rendered":"MICROFONO NETMAK INALAMBRICO KARAOKE NM-MC9"},"content":{"rendered":"<p>Micr\u00f3fono Inal\u00e1mbricoMicr\u00f3fono Inal\u00e1mbrico.Bateria: Micr\u00f2fono 2 pilas AA, Receptor 1 pila AA (no inclu\u00eddas)Receptor Inal\u00e1mbrico plug 6.35 mmRango de Frecuencia 220MHz a 270MHz Respuesta de Frecuencia 60 Hz-13 KHzSensibilidad de Frecuencia: 50 PPM (50-10du C &#8211; 35C)Alcance: 30 metros.Ideal para karaoke, conferencias, fiestas y mucho m\u00e1s.Dimensiones: 260mm x 55mm<\/p>\n","protected":false},"excerpt":{"rendered":"<p>MICROFONO NETMAK INALAMBRICO KARAOKE NM-MC9<\/p>\n","protected":false},"featured_media":183070,"template":"","meta":{"_joinchat":[]},"product_brand":[],"product_cat":[152,147],"product_tag":[],"class_list":{"0":"post-162351","1":"product","2":"type-product","3":"status-publish","4":"has-post-thumbnail","6":"product_cat-microfonos","7":"product_cat-perifericos","9":"first","10":"outofstock","11":"shipping-taxable","12":"purchasable","13":"product-type-simple"},"_links":{"self":[{"href":"https:\/\/tiendaomega.com.ar\/wp\/wp-json\/wp\/v2\/product\/162351","targetHints":{"allow":["GET"]}}],"collection":[{"href":"https:\/\/tiendaomega.com.ar\/wp\/wp-json\/wp\/v2\/product"}],"about":[{"href":"https:\/\/tiendaomega.com.ar\/wp\/wp-json\/wp\/v2\/types\/product"}],"wp:featuredmedia":[{"embeddable":true,"href":"https:\/\/tiendaomega.com.ar\/wp\/wp-json\/wp\/v2\/media\/183070"}],"wp:attachment":[{"href":"https:\/\/tiendaomega.com.ar\/wp\/wp-json\/wp\/v2\/media?parent=162351"}],"wp:term":[{"taxonomy":"product_brand","embeddable":true,"href":"https:\/\/tiendaomega.com.ar\/wp\/wp-json\/wp\/v2\/product_brand?post=162351"},{"taxonomy":"product_cat","embeddable":true,"href":"https:\/\/tiendaomega.com.ar\/wp\/wp-json\/wp\/v2\/product_cat?post=162351"},{"taxonomy":"product_tag","embeddable":true,"href":"https:\/\/tiendaomega.com.ar\/wp\/wp-json\/wp\/v2\/product_tag?post=162351"}],"curies":[{"name":"wp","href":"https:\/\/api.w.org\/{rel}","templated":true}]}}