{"id":162856,"date":"2021-11-30T18:07:43","date_gmt":"2021-11-30T21:07:43","guid":{"rendered":"https:\/\/tiendaomega.com.ar\/producto\/notebook-gfast-n-230-i4120w-135-led-fhd-pentium-4gb-120ssd-tec-retroiluminado\/"},"modified":"2024-08-29T05:55:14","modified_gmt":"2024-08-29T08:55:14","slug":"notebook-gfast-n-230-i4120w-135-led-fhd-pentium-4gb-120ssd-tec-retroiluminado","status":"publish","type":"product","link":"https:\/\/tiendaomega.com.ar\/wp\/producto\/notebook-gfast-n-230-i4120w-135-led-fhd-pentium-4gb-120ssd-tec-retroiluminado\/","title":{"rendered":"NOTEBOOK GFAST N-230 I4120w (13,5 LED FHD-PENTIUM-4GB-120SSD) TEC. RETROILUMINADO"},"content":{"rendered":"<p>Producto: Notebook Gfast Intel Pentium J3710 14\u201d 4GB 128GB SSD Windows 10.Su procesador Intel pentium J3710 y su memoria de 4GB se complementan para ofrecer un mayor rendimiento. Adem\u00e1s, su disco de estado s\u00f3lido de 128GB le da una gran capacidad de almacenamiento de datos y te permite guardar una mayor cantidad de contenido multimedia.Posee una pantalla HD de 13.5 pulgadas, con una resoluci\u00f3n Full HD de 1920 x 1080 que te permitir\u00e1 disfrutar de una gran calidad de colores e imagen.La notebook Gfast N-230 cuenta con un dise\u00f1o Slim Super Liviano. Llevala con vos a donde vayas gracias a su liviano peso y sus pr\u00e1cticas dimensiones. Teclado retroiluminado.Cuenta adem\u00e1s con un Sistema Silencioso Sin Ventilaci\u00f3n Forzada.\u2013 PrestacionesPantalla: Panel 13.5\u201d Full HD IPSProcesador: Intel Pentium J3710Motherboard: GfastMemoria RAM: 4GB 2133Mhz DDR4Almacenamiento: 128GB SSD (Solid State Drive) M.2Mouse: Touchpad multi-touchTeclado: Slim RetroiluminadoVideo: Intel HD GraphicsResoluci\u00f3n: 1920 x 1080Touch-Sreen: No\u2013 Audio  VideoC\u00e1mara: 1 MPXMicr\u00f3fono interno: SiParlante: Parlantes st\u00e9reo  USB\u2013 BahiasLector de tarjetas: MICRO SDBahia interna: NoBahia externa: No-PuertosAudio  Mic: SIUSB 3.0: 2USB Tipo C: 1HDMI: Si\u2013 Comunicaci\u00f3nWireless LAN : Si, 802.11 b  g  nBluetooth: 4.2\u2013 FuenteFuente de Poder: 12v 2.0 A\u2013 SoftwareSoftware: Windows 10 Home S\u2013 SeguridadTPM: Si, 2.0\u2013 Dise\u00f1oMedidas (AxLxA): 20 x 220 x 335 mmPeso: 1.4kgColor: Negro SatinadoGarantia: 12 meses<\/p>\n","protected":false},"excerpt":{"rendered":"<p>NOTEBOOK GFAST N-230 I4120w (13,5 LED FHD-PENTIUM-4GB-120SSD) TEC. RETROILUMINADO<\/p>\n","protected":false},"featured_media":188510,"template":"","meta":{"_joinchat":[]},"product_brand":[],"product_cat":[239],"product_tag":[],"class_list":{"0":"post-162856","1":"product","2":"type-product","3":"status-publish","4":"has-post-thumbnail","6":"product_cat-notebooks","8":"first","9":"outofstock","10":"shipping-taxable","11":"purchasable","12":"product-type-simple"},"_links":{"self":[{"href":"https:\/\/tiendaomega.com.ar\/wp\/wp-json\/wp\/v2\/product\/162856","targetHints":{"allow":["GET"]}}],"collection":[{"href":"https:\/\/tiendaomega.com.ar\/wp\/wp-json\/wp\/v2\/product"}],"about":[{"href":"https:\/\/tiendaomega.com.ar\/wp\/wp-json\/wp\/v2\/types\/product"}],"wp:featuredmedia":[{"embeddable":true,"href":"https:\/\/tiendaomega.com.ar\/wp\/wp-json\/wp\/v2\/media\/188510"}],"wp:attachment":[{"href":"https:\/\/tiendaomega.com.ar\/wp\/wp-json\/wp\/v2\/media?parent=162856"}],"wp:term":[{"taxonomy":"product_brand","embeddable":true,"href":"https:\/\/tiendaomega.com.ar\/wp\/wp-json\/wp\/v2\/product_brand?post=162856"},{"taxonomy":"product_cat","embeddable":true,"href":"https:\/\/tiendaomega.com.ar\/wp\/wp-json\/wp\/v2\/product_cat?post=162856"},{"taxonomy":"product_tag","embeddable":true,"href":"https:\/\/tiendaomega.com.ar\/wp\/wp-json\/wp\/v2\/product_tag?post=162856"}],"curies":[{"name":"wp","href":"https:\/\/api.w.org\/{rel}","templated":true}]}}