{"id":163327,"date":"2021-12-16T09:15:51","date_gmt":"2021-12-16T12:15:51","guid":{"rendered":"https:\/\/tiendaomega.com.ar\/producto\/linterna-tactica-cree-led-t6-10w-con-bateria-recargable-zoomy-funciones-ns-li61\/"},"modified":"2025-10-02T10:54:59","modified_gmt":"2025-10-02T13:54:59","slug":"linterna-tactica-cree-led-t6-10w-con-bateria-recargable-zoomy-funciones-ns-li61","status":"publish","type":"product","link":"https:\/\/tiendaomega.com.ar\/wp\/producto\/linterna-tactica-cree-led-t6-10w-con-bateria-recargable-zoomy-funciones-ns-li61\/","title":{"rendered":"LINTERNA TACTICA CREE LED T6 10W CON BATERIA RECARGABLE ZOOMY FUNCIONES NS-LI61"},"content":{"rendered":"<p>Descripci\u00f3n:\u2022 Incluye zoom\u2022 Incluye funciones de alta, media, baja, flash y SOS\u2022 Material aluminio\u2022 Funciona con bater\u00eda recargable (incluida) o 3 pilas AAA (no incluidas)\u2022 Cree Led T6 de 10 watts\u2022 Incluye cargador de bater\u00eda con cable usb, bater\u00eda 18650, protector para bater\u00eda, adaptador para pilas AAA y caja pl\u00e1stica<\/p>\n","protected":false},"excerpt":{"rendered":"<p>LINTERNA TACTICA CREE LED T6 10W CON BATERIA RECARGABLE ZOOMY FUNCIONES NS-LI61<\/p>\n","protected":false},"featured_media":189114,"template":"","meta":{"_joinchat":[]},"product_brand":[],"product_cat":[31],"product_tag":[],"class_list":{"0":"post-163327","1":"product","2":"type-product","3":"status-publish","4":"has-post-thumbnail","6":"product_cat-sin-categorizar","8":"first","9":"outofstock","10":"shipping-taxable","11":"purchasable","12":"product-type-simple"},"_links":{"self":[{"href":"https:\/\/tiendaomega.com.ar\/wp\/wp-json\/wp\/v2\/product\/163327","targetHints":{"allow":["GET"]}}],"collection":[{"href":"https:\/\/tiendaomega.com.ar\/wp\/wp-json\/wp\/v2\/product"}],"about":[{"href":"https:\/\/tiendaomega.com.ar\/wp\/wp-json\/wp\/v2\/types\/product"}],"wp:featuredmedia":[{"embeddable":true,"href":"https:\/\/tiendaomega.com.ar\/wp\/wp-json\/wp\/v2\/media\/189114"}],"wp:attachment":[{"href":"https:\/\/tiendaomega.com.ar\/wp\/wp-json\/wp\/v2\/media?parent=163327"}],"wp:term":[{"taxonomy":"product_brand","embeddable":true,"href":"https:\/\/tiendaomega.com.ar\/wp\/wp-json\/wp\/v2\/product_brand?post=163327"},{"taxonomy":"product_cat","embeddable":true,"href":"https:\/\/tiendaomega.com.ar\/wp\/wp-json\/wp\/v2\/product_cat?post=163327"},{"taxonomy":"product_tag","embeddable":true,"href":"https:\/\/tiendaomega.com.ar\/wp\/wp-json\/wp\/v2\/product_tag?post=163327"}],"curies":[{"name":"wp","href":"https:\/\/api.w.org\/{rel}","templated":true}]}}