{"id":163526,"date":"2021-12-20T19:08:48","date_gmt":"2021-12-20T22:08:48","guid":{"rendered":"https:\/\/tiendaomega.com.ar\/producto\/botella-tinta-epson-t555-magenta-l8160-l8180-70ml\/"},"modified":"2025-10-07T09:06:03","modified_gmt":"2025-10-07T12:06:03","slug":"botella-tinta-epson-t555-magenta-l8160-l8180-70ml","status":"publish","type":"product","link":"https:\/\/tiendaomega.com.ar\/wp\/producto\/botella-tinta-epson-t555-magenta-l8160-l8180-70ml\/","title":{"rendered":"BOTELLA TINTA EPSON T555 MAGENTA (L8160-L8180) 70ml"},"content":{"rendered":"<p>Botella de Tinta Original Epson T555320-AL MagentaLas tintas los papeles especiales y las impresoras Epson est\u00e1n dise\u00f1adas para trabajar juntas para lograr los mejores resultados.Caracter\u00edsticas:Marca: EpsonModelo:T555320Color: Magenta Rendimiento: Aproximado 6200 p\u00e1ginas.Volumen: 70mlCompatible: L8160 L8180<\/p>\n","protected":false},"excerpt":{"rendered":"<p>BOTELLA TINTA EPSON T555 MAGENTA (L8160-L8180) 70ml<\/p>\n","protected":false},"featured_media":446344,"template":"","meta":{"_joinchat":[]},"product_brand":[],"product_cat":[242,240],"product_tag":[],"class_list":{"0":"post-163526","1":"product","2":"type-product","3":"status-publish","4":"has-post-thumbnail","6":"product_cat-botella-tinta-original","7":"product_cat-impresin","9":"first","10":"instock","11":"shipping-taxable","12":"purchasable","13":"product-type-simple"},"_links":{"self":[{"href":"https:\/\/tiendaomega.com.ar\/wp\/wp-json\/wp\/v2\/product\/163526","targetHints":{"allow":["GET"]}}],"collection":[{"href":"https:\/\/tiendaomega.com.ar\/wp\/wp-json\/wp\/v2\/product"}],"about":[{"href":"https:\/\/tiendaomega.com.ar\/wp\/wp-json\/wp\/v2\/types\/product"}],"wp:featuredmedia":[{"embeddable":true,"href":"https:\/\/tiendaomega.com.ar\/wp\/wp-json\/wp\/v2\/media\/446344"}],"wp:attachment":[{"href":"https:\/\/tiendaomega.com.ar\/wp\/wp-json\/wp\/v2\/media?parent=163526"}],"wp:term":[{"taxonomy":"product_brand","embeddable":true,"href":"https:\/\/tiendaomega.com.ar\/wp\/wp-json\/wp\/v2\/product_brand?post=163526"},{"taxonomy":"product_cat","embeddable":true,"href":"https:\/\/tiendaomega.com.ar\/wp\/wp-json\/wp\/v2\/product_cat?post=163526"},{"taxonomy":"product_tag","embeddable":true,"href":"https:\/\/tiendaomega.com.ar\/wp\/wp-json\/wp\/v2\/product_tag?post=163526"}],"curies":[{"name":"wp","href":"https:\/\/api.w.org\/{rel}","templated":true}]}}