{"id":163607,"date":"2021-12-22T20:32:28","date_gmt":"2021-12-22T23:32:28","guid":{"rendered":"https:\/\/tiendaomega.com.ar\/producto\/auricular-eardbuds-qcy-t5\/"},"modified":"2026-01-13T09:24:13","modified_gmt":"2026-01-13T12:24:13","slug":"auricular-eardbuds-qcy-t5","status":"publish","type":"product","link":"https:\/\/tiendaomega.com.ar\/wp\/producto\/auricular-eardbuds-qcy-t5\/","title":{"rendered":"AURICULAR EARDBUDS QCY T5 NEGRO"},"content":{"rendered":"<p>Auricular Bluetooth QCY T5 &#8211; 100% ORIGINALESBluetooth 5.0 &#8211; IPX4 &#8211; Llamadas estereo.Auriculares QCY-T5 Original compatible con PCs, Laptop, Ipad y Smartphone- Dise\u00f1o: El dise\u00f1o de los auriculares Bluetooth QCY-T5 se ajusta a su o\u00eddo de la manera m\u00e1s c\u00f3moda. No se preocupe por las molestias causadas por el uso prolongado, ya que los auriculares con dise\u00f1o semi In-Ear distribuyen la presi\u00f3n en el o\u00eddo.Perfectos para deportes, entrenamientos, salir a correr, escuchar m\u00fasica y ver la televisi\u00f3n.- Emparejamiento autom\u00e1tico y Protecci\u00f3n: Se encienden y entran en modo emparejamiento al sacarlos de la caja, luego se conectan a tu dispositivo en segundos. Olv\u00eddate de conexiones dif\u00edciles y c\u00e9ntrate en la m\u00fasica.La protecci\u00f3n IPX4 resiste sudor para tus entrenamientos o para d\u00edas de lluvia- Tourch control: Con el chip de control tourch ayuda a controlar todas las funciones que necesita. Contestar  finalizar  rechazar llamadas, reproducir  pausar  m\u00fasica anterior  siguiente.- Bateria: Con la bater\u00eda de 380mah instalada en la caja de carga podr\u00e1s usar tus auriculares Bluetooth hasta 25 horas de reproducci\u00f3n despu\u00e9s de 5 cargas. Con bajo consumo, pueden durar entre 4 y 5 horas de uso continuo de llamada o m\u00fasica en una \u00fanica carga (Los auriculares Bluetooth se apagan y se ponen a cargar solos al meterlos en la caja)- Tecnologia Bluetooth v5.0:Equipados con el \u00faltimo chipset Bluetooth 5.0 Realtek y unidad de controlador de \u00faltima generaci\u00f3n con bio-diafragma de 6 mm, los auriculares inal\u00e1mbricos QCY T5 ofrecen una excelente experiencia musical con graves potentes, transmisi\u00f3n m\u00e1s suave y m\u00e1s r\u00e1pida sin latencia dentro de 10 metros (sin obstaculos)Advertencia:Los auriculares se deben cargar con cargadores menores a 2.1 amperes<\/p>\n","protected":false},"excerpt":{"rendered":"<p>AURICULAR EARDBUDS QCY T5 NEGRO<\/p>\n","protected":false},"featured_media":461815,"template":"","meta":{"_joinchat":[]},"product_brand":[],"product_cat":[164,166],"product_tag":[],"class_list":{"0":"post-163607","1":"product","2":"type-product","3":"status-publish","4":"has-post-thumbnail","6":"product_cat-auriculares","7":"product_cat-bluetooth","9":"first","10":"outofstock","11":"shipping-taxable","12":"purchasable","13":"product-type-simple"},"_links":{"self":[{"href":"https:\/\/tiendaomega.com.ar\/wp\/wp-json\/wp\/v2\/product\/163607","targetHints":{"allow":["GET"]}}],"collection":[{"href":"https:\/\/tiendaomega.com.ar\/wp\/wp-json\/wp\/v2\/product"}],"about":[{"href":"https:\/\/tiendaomega.com.ar\/wp\/wp-json\/wp\/v2\/types\/product"}],"wp:featuredmedia":[{"embeddable":true,"href":"https:\/\/tiendaomega.com.ar\/wp\/wp-json\/wp\/v2\/media\/461815"}],"wp:attachment":[{"href":"https:\/\/tiendaomega.com.ar\/wp\/wp-json\/wp\/v2\/media?parent=163607"}],"wp:term":[{"taxonomy":"product_brand","embeddable":true,"href":"https:\/\/tiendaomega.com.ar\/wp\/wp-json\/wp\/v2\/product_brand?post=163607"},{"taxonomy":"product_cat","embeddable":true,"href":"https:\/\/tiendaomega.com.ar\/wp\/wp-json\/wp\/v2\/product_cat?post=163607"},{"taxonomy":"product_tag","embeddable":true,"href":"https:\/\/tiendaomega.com.ar\/wp\/wp-json\/wp\/v2\/product_tag?post=163607"}],"curies":[{"name":"wp","href":"https:\/\/api.w.org\/{rel}","templated":true}]}}