{"id":163743,"date":"2021-12-23T19:33:15","date_gmt":"2021-12-23T22:33:15","guid":{"rendered":"https:\/\/tiendaomega.com.ar\/producto\/robot-educativo-robobloq-qscout-para-ensamble-y-programacion\/"},"modified":"2025-10-02T10:55:41","modified_gmt":"2025-10-02T13:55:41","slug":"robot-educativo-robobloq-qscout-para-ensamble-y-programacion","status":"publish","type":"product","link":"https:\/\/tiendaomega.com.ar\/wp\/producto\/robot-educativo-robobloq-qscout-para-ensamble-y-programacion\/","title":{"rendered":"ROBOT EDUCATIVO ROBOBLOQ QSCOUT PARA ENSAMBLE Y PROGRAMACION"},"content":{"rendered":"<p>Robobloq Qscout &#8211; Robot Para Ensable y Programaci\u00f3nDETALLES DE PRODUCTO Dise\u00f1o modular Transformable Programable en Windows 7+, Mac 10.9+, iOS 8+, Android 4.4+ Arrastrar y soltar codificaci\u00f3n Basado en la plataforma Arduino. Sensor ultras\u00f3nico Piezas totales: 65 Control inal\u00e1mbrico sobre Bluetooth 4.0 usando la aplicaci\u00f3n Robobloq Tama\u00f1o del art\u00edculo: 125 mm x 232 mm x 190 mm Peso del art\u00edculo: 1027g Edad recomendada: 8+Descripci\u00f3nRobot Educativo Q-scout Robobloq Progamaci\u00f3n\u00a1Construye tu primer robot programable!Programaci\u00f3n muy sencilla e intuitiva desde tu smartphone o tablet, arrastra y suelta los comandos.Dise\u00f1o en aluminio completamente transformable.Diferentes modos para empezar: control remoto, evita obst\u00e1culos, modo ruta, sigue l\u00edneas, modo m\u00fasica y modo voz.A partir de 8 a\u00f1os. Tama\u00f1o: 189 mm x 115 mm x 152 mm 65 Piezas.Q-Scout es su mejor compa\u00f1ero en el mundo rob\u00f3tico: su dise\u00f1o atrae a todos los ni\u00f1os. El proceso de construcci\u00f3n es agradable y dura menos de 30 minutos. Disfrute de todos los placeres de la tecnolog\u00eda en la aplicaci\u00f3n del seguimiento de l\u00ednea y evitando obst\u00e1culos por ultrasonido. Aprende a codificar con una simple interfaz de arrastrar y soltarROBOBLOQ Q-SCOUT KIT ROBOT PROGRAMABLE STEMEl Robot programable Q-SCOUT ser\u00e1 tu primer amigo en el mundo rob\u00f3tico: \u00a1el dise\u00f1o adorable atrae a todos los ni\u00f1os! El proceso de construcci\u00f3n del robot es muy divertido a la vez que aprender\u00e1s mucho m\u00e1s sobre el funcionamiento de cada uno de sus m\u00f3dulos, \u00a1y menos de 30 minutos estar\u00e1s listo para jugar con el Q-SCOUT!<\/p>\n","protected":false},"excerpt":{"rendered":"<p>ROBOT EDUCATIVO ROBOBLOQ QSCOUT PARA ENSAMBLE Y PROGRAMACION <\/p>\n","protected":false},"featured_media":441191,"template":"","meta":{"_joinchat":[]},"product_brand":[],"product_cat":[31],"product_tag":[],"class_list":{"0":"post-163743","1":"product","2":"type-product","3":"status-publish","4":"has-post-thumbnail","6":"product_cat-sin-categorizar","8":"first","9":"outofstock","10":"shipping-taxable","11":"purchasable","12":"product-type-simple"},"_links":{"self":[{"href":"https:\/\/tiendaomega.com.ar\/wp\/wp-json\/wp\/v2\/product\/163743","targetHints":{"allow":["GET"]}}],"collection":[{"href":"https:\/\/tiendaomega.com.ar\/wp\/wp-json\/wp\/v2\/product"}],"about":[{"href":"https:\/\/tiendaomega.com.ar\/wp\/wp-json\/wp\/v2\/types\/product"}],"wp:featuredmedia":[{"embeddable":true,"href":"https:\/\/tiendaomega.com.ar\/wp\/wp-json\/wp\/v2\/media\/441191"}],"wp:attachment":[{"href":"https:\/\/tiendaomega.com.ar\/wp\/wp-json\/wp\/v2\/media?parent=163743"}],"wp:term":[{"taxonomy":"product_brand","embeddable":true,"href":"https:\/\/tiendaomega.com.ar\/wp\/wp-json\/wp\/v2\/product_brand?post=163743"},{"taxonomy":"product_cat","embeddable":true,"href":"https:\/\/tiendaomega.com.ar\/wp\/wp-json\/wp\/v2\/product_cat?post=163743"},{"taxonomy":"product_tag","embeddable":true,"href":"https:\/\/tiendaomega.com.ar\/wp\/wp-json\/wp\/v2\/product_tag?post=163743"}],"curies":[{"name":"wp","href":"https:\/\/api.w.org\/{rel}","templated":true}]}}