{"id":165183,"date":"2022-02-02T17:25:31","date_gmt":"2022-02-02T20:25:31","guid":{"rendered":"https:\/\/tiendaomega.com.ar\/producto\/cable-audio-optico-skyway-10-metros\/"},"modified":"2025-10-07T09:19:58","modified_gmt":"2025-10-07T12:19:58","slug":"cable-audio-optico-skyway-10-metros","status":"publish","type":"product","link":"https:\/\/tiendaomega.com.ar\/wp\/producto\/cable-audio-optico-skyway-10-metros\/","title":{"rendered":"CABLE AUDIO OPTICO SKYWAY 10 METROS"},"content":{"rendered":"<p>Cable de audio digital  fibra optica Ideal para conectar reproductores de dvd, cd, tv digital, consolas de juegos, etc. a dispositivos de sonido digital como por ejemplo home theater.Reduce en forma considerable la distorsi\u00f3n en la se\u00f1al de audio.Optimiza el rendimiento de la se\u00f1al de sonido.Mantiene la se\u00f1al m\u00e1s estable.Mejora el contacto entre dispositivos.10 METROS<\/p>\n","protected":false},"excerpt":{"rendered":"<p>CABLE AUDIO OPTICO SKYWAY 10 METROS<\/p>\n","protected":false},"featured_media":456229,"template":"","meta":{"_joinchat":[]},"product_brand":[],"product_cat":[253,249],"product_tag":[],"class_list":{"0":"post-165183","1":"product","2":"type-product","3":"status-publish","4":"has-post-thumbnail","6":"product_cat-audio","7":"product_cat-cables","9":"first","10":"instock","11":"shipping-taxable","12":"purchasable","13":"product-type-simple"},"_links":{"self":[{"href":"https:\/\/tiendaomega.com.ar\/wp\/wp-json\/wp\/v2\/product\/165183","targetHints":{"allow":["GET"]}}],"collection":[{"href":"https:\/\/tiendaomega.com.ar\/wp\/wp-json\/wp\/v2\/product"}],"about":[{"href":"https:\/\/tiendaomega.com.ar\/wp\/wp-json\/wp\/v2\/types\/product"}],"wp:featuredmedia":[{"embeddable":true,"href":"https:\/\/tiendaomega.com.ar\/wp\/wp-json\/wp\/v2\/media\/456229"}],"wp:attachment":[{"href":"https:\/\/tiendaomega.com.ar\/wp\/wp-json\/wp\/v2\/media?parent=165183"}],"wp:term":[{"taxonomy":"product_brand","embeddable":true,"href":"https:\/\/tiendaomega.com.ar\/wp\/wp-json\/wp\/v2\/product_brand?post=165183"},{"taxonomy":"product_cat","embeddable":true,"href":"https:\/\/tiendaomega.com.ar\/wp\/wp-json\/wp\/v2\/product_cat?post=165183"},{"taxonomy":"product_tag","embeddable":true,"href":"https:\/\/tiendaomega.com.ar\/wp\/wp-json\/wp\/v2\/product_tag?post=165183"}],"curies":[{"name":"wp","href":"https:\/\/api.w.org\/{rel}","templated":true}]}}