{"id":166428,"date":"2022-03-15T15:18:09","date_gmt":"2022-03-15T18:18:09","guid":{"rendered":"https:\/\/tiendaomega.com.ar\/producto\/camara-ip-tp-link-tapo-c320ws-exterior-dianoc-1080p-c-wifi-micro-sd\/"},"modified":"2026-04-14T09:34:04","modified_gmt":"2026-04-14T12:34:04","slug":"camara-ip-tp-link-tapo-c320ws-exterior-dianoc-1080p-c-wifi-micro-sd","status":"publish","type":"product","link":"https:\/\/tiendaomega.com.ar\/wp\/producto\/camara-ip-tp-link-tapo-c320ws-exterior-dianoc-1080p-c-wifi-micro-sd\/","title":{"rendered":"CAMARA IP TP-LINK TAPO C320WS EXTERIOR DIANOC 1080p c WIFI MICRO SD 4MP"},"content":{"rendered":"<p>Tapo C320WS C\u00e1mara Wi-Fi de seguridad para exterioresVideo de ultra-alta-definici\u00f3n: graba cada imagen con una definici\u00f3n n\u00edtida de 3MP.Conexi\u00f3n en red cableada o inal\u00e1mbrica: conecte su c\u00e1mara a la red a trav\u00e9s de Ethernet o WiFi para una instalaci\u00f3n m\u00e1s flexible.Visi\u00f3n nocturna avanzada: proporciona una distancia visual de hasta 30 m (98 pies) incluso en la oscuridad total.Detecci\u00f3n de movimiento y notificaciones: le notifica cuando la c\u00e1mara detecta movimiento.Alarma de luz y sonido: active los efectos de luz y sonido para ahuyentar a los visitantes no deseados.Audio bidireccional: permite la comunicaci\u00f3n a trav\u00e9s de un micr\u00f3fono y un altavoz integrados.Almacenamiento seguro: almacena localmente hasta 128 GB de video de 3MP en una tarjeta microSD, lo que ofrece un acceso conveniente a sus secuencias de video.Control de voz: libere sus manos con control de voz: funciona con el Asistente de Google y Amazon Alexa. (Google Assistant y Amazon Alexa no est\u00e1n disponibles en todos los idiomas y pa\u00edses).<\/p>\n","protected":false},"excerpt":{"rendered":"<p>CAMARA IP TP-LINK TAPO C320WS EXTERIOR DIANOC 1080p c WIFI MICRO SD 4MP<\/p>\n","protected":false},"featured_media":463189,"template":"","meta":{"_joinchat":[]},"product_brand":[],"product_cat":[223,221],"product_tag":[],"class_list":{"0":"post-166428","1":"product","2":"type-product","3":"status-publish","4":"has-post-thumbnail","6":"product_cat-camaras-ip","7":"product_cat-seguridad","9":"first","10":"instock","11":"shipping-taxable","12":"purchasable","13":"product-type-simple"},"_links":{"self":[{"href":"https:\/\/tiendaomega.com.ar\/wp\/wp-json\/wp\/v2\/product\/166428","targetHints":{"allow":["GET"]}}],"collection":[{"href":"https:\/\/tiendaomega.com.ar\/wp\/wp-json\/wp\/v2\/product"}],"about":[{"href":"https:\/\/tiendaomega.com.ar\/wp\/wp-json\/wp\/v2\/types\/product"}],"wp:featuredmedia":[{"embeddable":true,"href":"https:\/\/tiendaomega.com.ar\/wp\/wp-json\/wp\/v2\/media\/463189"}],"wp:attachment":[{"href":"https:\/\/tiendaomega.com.ar\/wp\/wp-json\/wp\/v2\/media?parent=166428"}],"wp:term":[{"taxonomy":"product_brand","embeddable":true,"href":"https:\/\/tiendaomega.com.ar\/wp\/wp-json\/wp\/v2\/product_brand?post=166428"},{"taxonomy":"product_cat","embeddable":true,"href":"https:\/\/tiendaomega.com.ar\/wp\/wp-json\/wp\/v2\/product_cat?post=166428"},{"taxonomy":"product_tag","embeddable":true,"href":"https:\/\/tiendaomega.com.ar\/wp\/wp-json\/wp\/v2\/product_tag?post=166428"}],"curies":[{"name":"wp","href":"https:\/\/api.w.org\/{rel}","templated":true}]}}