{"id":167547,"date":"2022-04-13T18:48:10","date_gmt":"2022-04-13T21:48:10","guid":{"rendered":"https:\/\/tiendaomega.com.ar\/producto\/mouse-logitech-wireless-pop-fresh-vibes\/"},"modified":"2025-10-02T11:40:48","modified_gmt":"2025-10-02T14:40:48","slug":"mouse-logitech-wireless-pop-fresh-vibes","status":"publish","type":"product","link":"https:\/\/tiendaomega.com.ar\/wp\/producto\/mouse-logitech-wireless-pop-fresh-vibes\/","title":{"rendered":"MOUSE LOGITECH Wireless POP FRESH VIBES"},"content":{"rendered":"<p>DIMENSIONESAltura: 104,8 mmAncho: 59,4 mmProfundidad: 35,2 mmPeso (con bater\u00edas): 82 gramosREQUISITOS DEL SISTEMACompatibilidadRequiere: tecnolog\u00eda Bluetooth de bajo consumoWindows\u00ae\ufe0e 10,11 o posteriormacOS 10.15 o posteriorChrome OS\u2122 iPadOS 13.4 o posterior Funciona con Microsoft SurfaceCompatible con receptor USB Logi BoltESPECIFICACIONES T\u00c9CNICASTecnolog\u00eda de sensorTecnolog\u00eda del sensor: Seguimiento \u00f3ptico de alta precisi\u00f3n LogitechRango de dpi: 1000-4000, valor nominal 1000 dpiBotonesN\u00famero de botones: 4 (clic izquierdoderecho, bot\u00f3n rueda con clic de bot\u00f3n central, bot\u00f3n superior)Bot\u00f3n superior personalizable con software de emojisMultidispositivo: 3 canales Easy-Switch\u2122Conmutador de encendidoapagado con tecnolog\u00eda de ahorro de energ\u00edaBater\u00edaTipo de bater\u00edas: 1 bater\u00eda AA (incluida)Duraci\u00f3n de bater\u00edas: Hasta 24 meses Tipo de conexi\u00f3nTecnolog\u00eda Bluetooth de bajo consumo (5.1)Compatible con receptor USB Logi Bolt Radio de acci\u00f3n inal\u00e1mbrico: Radio de acci\u00f3n inal\u00e1mbrico de 10 m Software compatibleTecnolog\u00eda Logitech FlowSoftware de emojisDisponible en macOS 10.15 y posteriores y Windows 10 y posteriores.CONTENIDO DE LA CAJA1 piha AA<\/p>\n","protected":false},"excerpt":{"rendered":"<p>MOUSE LOGITECH Wireless POP FRESH VIBES<\/p>\n","protected":false},"featured_media":188020,"template":"","meta":{"_joinchat":[]},"product_brand":[],"product_cat":[271,147],"product_tag":[],"class_list":{"0":"post-167547","1":"product","2":"type-product","3":"status-publish","4":"has-post-thumbnail","6":"product_cat-mouse-inalambrico","7":"product_cat-perifericos","9":"first","10":"outofstock","11":"shipping-taxable","12":"purchasable","13":"product-type-simple"},"_links":{"self":[{"href":"https:\/\/tiendaomega.com.ar\/wp\/wp-json\/wp\/v2\/product\/167547","targetHints":{"allow":["GET"]}}],"collection":[{"href":"https:\/\/tiendaomega.com.ar\/wp\/wp-json\/wp\/v2\/product"}],"about":[{"href":"https:\/\/tiendaomega.com.ar\/wp\/wp-json\/wp\/v2\/types\/product"}],"wp:featuredmedia":[{"embeddable":true,"href":"https:\/\/tiendaomega.com.ar\/wp\/wp-json\/wp\/v2\/media\/188020"}],"wp:attachment":[{"href":"https:\/\/tiendaomega.com.ar\/wp\/wp-json\/wp\/v2\/media?parent=167547"}],"wp:term":[{"taxonomy":"product_brand","embeddable":true,"href":"https:\/\/tiendaomega.com.ar\/wp\/wp-json\/wp\/v2\/product_brand?post=167547"},{"taxonomy":"product_cat","embeddable":true,"href":"https:\/\/tiendaomega.com.ar\/wp\/wp-json\/wp\/v2\/product_cat?post=167547"},{"taxonomy":"product_tag","embeddable":true,"href":"https:\/\/tiendaomega.com.ar\/wp\/wp-json\/wp\/v2\/product_tag?post=167547"}],"curies":[{"name":"wp","href":"https:\/\/api.w.org\/{rel}","templated":true}]}}