{"id":167942,"date":"2022-04-22T20:02:54","date_gmt":"2022-04-22T23:02:54","guid":{"rendered":"https:\/\/tiendaomega.com.ar\/producto\/microfono-gamer-streamer-con-brazo-noga-mic-st800\/"},"modified":"2025-10-02T10:57:38","modified_gmt":"2025-10-02T13:57:38","slug":"microfono-gamer-streamer-con-brazo-noga-mic-st800","status":"publish","type":"product","link":"https:\/\/tiendaomega.com.ar\/wp\/producto\/microfono-gamer-streamer-con-brazo-noga-mic-st800\/","title":{"rendered":"MICROFONO GAMER STREAMER CON BRAZO NOGA MIC-ST800"},"content":{"rendered":"<p>Peso1.29 kgDimensiones8.8 \u00d7 21.3 \u00d7 43 cmMARCANOGAN\u00facleo de micr\u00f3fonoCondensador Dia. 16mm \u200ePatr\u00f3n PolarCardioideRespuesta de Frecuencia30Hz-16kHz \u200eSensibilidad-38dB+-3dB \u200e\u200e (0dB=1VPa a 1 kHz) \u200e Nivel de Ruido Equivalente160dBA m\u00e1x. \u200eSPL M\u00e1ximo120dBRelaci\u00f3n SN70dB \u200e<\/p>\n","protected":false},"excerpt":{"rendered":"<p>MICROFONO GAMER STREAMER CON BRAZO NOGA MIC-ST800<\/p>\n","protected":false},"featured_media":189026,"template":"","meta":{"_joinchat":[]},"product_brand":[],"product_cat":[152,147],"product_tag":[],"class_list":{"0":"post-167942","1":"product","2":"type-product","3":"status-publish","4":"has-post-thumbnail","6":"product_cat-microfonos","7":"product_cat-perifericos","9":"first","10":"outofstock","11":"shipping-taxable","12":"purchasable","13":"product-type-simple"},"_links":{"self":[{"href":"https:\/\/tiendaomega.com.ar\/wp\/wp-json\/wp\/v2\/product\/167942","targetHints":{"allow":["GET"]}}],"collection":[{"href":"https:\/\/tiendaomega.com.ar\/wp\/wp-json\/wp\/v2\/product"}],"about":[{"href":"https:\/\/tiendaomega.com.ar\/wp\/wp-json\/wp\/v2\/types\/product"}],"wp:featuredmedia":[{"embeddable":true,"href":"https:\/\/tiendaomega.com.ar\/wp\/wp-json\/wp\/v2\/media\/189026"}],"wp:attachment":[{"href":"https:\/\/tiendaomega.com.ar\/wp\/wp-json\/wp\/v2\/media?parent=167942"}],"wp:term":[{"taxonomy":"product_brand","embeddable":true,"href":"https:\/\/tiendaomega.com.ar\/wp\/wp-json\/wp\/v2\/product_brand?post=167942"},{"taxonomy":"product_cat","embeddable":true,"href":"https:\/\/tiendaomega.com.ar\/wp\/wp-json\/wp\/v2\/product_cat?post=167942"},{"taxonomy":"product_tag","embeddable":true,"href":"https:\/\/tiendaomega.com.ar\/wp\/wp-json\/wp\/v2\/product_tag?post=167942"}],"curies":[{"name":"wp","href":"https:\/\/api.w.org\/{rel}","templated":true}]}}