{"id":168406,"date":"2022-05-04T18:22:05","date_gmt":"2022-05-04T21:22:05","guid":{"rendered":"https:\/\/tiendaomega.com.ar\/producto\/mother-gigabyte-a520m-ds3h-am4\/"},"modified":"2025-10-02T11:57:13","modified_gmt":"2025-10-02T14:57:13","slug":"mother-gigabyte-a520m-ds3h-am4","status":"publish","type":"product","link":"https:\/\/tiendaomega.com.ar\/wp\/producto\/mother-gigabyte-a520m-ds3h-am4\/","title":{"rendered":"MOTHER GIGABYTE A520M DS3H (AM4)"},"content":{"rendered":"<p>Descripci\u00f3nLas placas base de la serie UD de GIGABYTE utilizan un dise\u00f1o de MOSFET PWM + Low RDS (on) digital puro de 5 + 3 fases para admitir las CPU AMD Ryzen \u2122 de 3.a generaci\u00f3n al ofrecer una precisi\u00f3n incre\u00edble en la entrega de potencia a los componentes de la placa base con mayor consumo de energ\u00eda y sensibles a la energ\u00eda como adem\u00e1s de ofrecer un rendimiento mejorado del sistema y la m\u00e1xima escalabilidad de hardware.Especificaciones:CPUAMD Socket AM4, compatible con: AMD Ryzen \u2122 5000 Series  3rd Gen Ryzen \u2122 y 3rd Gen Ryzen \u2122 con procesadores gr\u00e1ficos Radeon \u2122Memoria4 x z\u00f3calos DDR4 DIMM que admiten hasta 128 GB (capacidad de un solo DIMM de 32 GB) de memoria del sistemaArquitectura de memoria de doble canalCompatibilidad con m\u00f3dulos de memoria DIMM 1Rx8  2Rx8 sin b\u00fafer ECCSoporte para m\u00f3dulos de memoria DIMM 1Rx8  2Rx8  1Rx16 sin b\u00fafer no ECCSoporte para m\u00f3dulos de memoria Extreme Memory Profile (XMP)Gr\u00e1ficos integradosIntegrado en la tercera generaci\u00f3n de AMD Ryzen \u2122 con procesadores gr\u00e1ficos Radeon \u2122:<\/p>\n","protected":false},"excerpt":{"rendered":"<p>MOTHER GIGABYTE A520M DS3H (AM4) <\/p>\n","protected":false},"featured_media":188070,"template":"","meta":{"_joinchat":[]},"product_brand":[],"product_cat":[224,231],"product_tag":[],"class_list":{"0":"post-168406","1":"product","2":"type-product","3":"status-publish","4":"has-post-thumbnail","6":"product_cat-componentes-de-pc","7":"product_cat-mother-amd","9":"first","10":"outofstock","11":"shipping-taxable","12":"purchasable","13":"product-type-simple"},"_links":{"self":[{"href":"https:\/\/tiendaomega.com.ar\/wp\/wp-json\/wp\/v2\/product\/168406","targetHints":{"allow":["GET"]}}],"collection":[{"href":"https:\/\/tiendaomega.com.ar\/wp\/wp-json\/wp\/v2\/product"}],"about":[{"href":"https:\/\/tiendaomega.com.ar\/wp\/wp-json\/wp\/v2\/types\/product"}],"wp:featuredmedia":[{"embeddable":true,"href":"https:\/\/tiendaomega.com.ar\/wp\/wp-json\/wp\/v2\/media\/188070"}],"wp:attachment":[{"href":"https:\/\/tiendaomega.com.ar\/wp\/wp-json\/wp\/v2\/media?parent=168406"}],"wp:term":[{"taxonomy":"product_brand","embeddable":true,"href":"https:\/\/tiendaomega.com.ar\/wp\/wp-json\/wp\/v2\/product_brand?post=168406"},{"taxonomy":"product_cat","embeddable":true,"href":"https:\/\/tiendaomega.com.ar\/wp\/wp-json\/wp\/v2\/product_cat?post=168406"},{"taxonomy":"product_tag","embeddable":true,"href":"https:\/\/tiendaomega.com.ar\/wp\/wp-json\/wp\/v2\/product_tag?post=168406"}],"curies":[{"name":"wp","href":"https:\/\/api.w.org\/{rel}","templated":true}]}}