{"id":168569,"date":"2022-05-07T14:51:23","date_gmt":"2022-05-07T17:51:23","guid":{"rendered":"https:\/\/tiendaomega.com.ar\/producto\/auricular-redmi-air-2-se-blanco\/"},"modified":"2025-10-02T11:57:15","modified_gmt":"2025-10-02T14:57:15","slug":"auricular-redmi-air-2-se-blanco","status":"publish","type":"product","link":"https:\/\/tiendaomega.com.ar\/wp\/producto\/auricular-redmi-air-2-se-blanco\/","title":{"rendered":"AURICULAR REDMI AIR 2 SE BLANCO"},"content":{"rendered":"<p>Descripci\u00f3nAuriculares Bluetooth Xiaomi Air2 SE TWS &#8211; 100% OriginalLos auriculares Bluetooth Xiaomi Air2 SE TWS se pueden usar durante aproximadamente 5 horas con una sola carga. El estuche de carga puede extender su tiempo de uso hasta 20 horas.Este auricular tiene dos micr\u00f3fonos incorporados y utiliza tecnolog\u00eda de formaci\u00f3n de haces para eliminar el ruido de fondo durante una llamada.Bluetooth 5.0 se utiliza para la conexi\u00f3n a su tel\u00e9fono, la se\u00f1al se transmite simult\u00e1neamente a cada bot\u00f3n (que ofrece una conexi\u00f3n m\u00e1s estable). En t\u00e9rminos de ac\u00fastica, los auriculares Bluetooth Xiaomi Air2 SE TWS tienen una bobina m\u00f3vil de gran tama\u00f1o de 14.2 mm incorporada que admite el c\u00f3dec AAC.Los controles t\u00e1ctiles y la sensor de aproximaci\u00f3n est\u00e1n habilitados, lo que significa que pausar\u00e1 autom\u00e1ticamente su m\u00fasica cuando se los quite.Una ventaja adicional, este nuevo auricular adopta un verdadero dise\u00f1o inal\u00e1mbrico dividido. Esto significa que ambos auriculares funcionan de forma independiente.Adem\u00e1s, son compatibles con los principales asistentes del mercado, como Google Assistant, Siri o XiaoAI. Se podr\u00e1n realizar comandos de voz con estos auriculares sin problema alguno.Caracter\u00edsticas:Marca: XIAOMIModelo: Air 2SEMaterial: ABSBluetooth: V5.0Control de la m\u00fasica: SiControl de llamadas telef\u00f3nicas: SiControl del volumen:NoAsistente de voz: SiProtocolo de soporte de micr\u00f3fono dual : BLE  HSP  HFP  A2DP  AVRCPFormato de decodificaci\u00f3n: AAC SBCDistancia de transmisi\u00f3n: 10 metrosImpedancia: 32Frecuencia de respuesta: 20-20000HzEntrada de carga: DC 5V  1ATiempo de carga: 1.5 horas Tiempo deAutonomia: 5 horas, 20 horas (con estuche de carga)Impermeabilidad: IPX5Conectividad:Puerto USB tipo-C(en el estuche)Dimensiones y pesoPeso del producto: 48 gContenido del paquete1 x Par de auriculares Xiaomi Air 2SE con caja de carga1 x Usuario Manual1 x Cable tipo C<\/p>\n","protected":false},"excerpt":{"rendered":"<p>AURICULAR REDMI AIR 2 SE BLANCO <\/p>\n","protected":false},"featured_media":187069,"template":"","meta":{"_joinchat":[]},"product_brand":[],"product_cat":[164,166],"product_tag":[],"class_list":{"0":"post-168569","1":"product","2":"type-product","3":"status-publish","4":"has-post-thumbnail","6":"product_cat-auriculares","7":"product_cat-bluetooth","9":"first","10":"outofstock","11":"shipping-taxable","12":"purchasable","13":"product-type-simple"},"_links":{"self":[{"href":"https:\/\/tiendaomega.com.ar\/wp\/wp-json\/wp\/v2\/product\/168569","targetHints":{"allow":["GET"]}}],"collection":[{"href":"https:\/\/tiendaomega.com.ar\/wp\/wp-json\/wp\/v2\/product"}],"about":[{"href":"https:\/\/tiendaomega.com.ar\/wp\/wp-json\/wp\/v2\/types\/product"}],"wp:featuredmedia":[{"embeddable":true,"href":"https:\/\/tiendaomega.com.ar\/wp\/wp-json\/wp\/v2\/media\/187069"}],"wp:attachment":[{"href":"https:\/\/tiendaomega.com.ar\/wp\/wp-json\/wp\/v2\/media?parent=168569"}],"wp:term":[{"taxonomy":"product_brand","embeddable":true,"href":"https:\/\/tiendaomega.com.ar\/wp\/wp-json\/wp\/v2\/product_brand?post=168569"},{"taxonomy":"product_cat","embeddable":true,"href":"https:\/\/tiendaomega.com.ar\/wp\/wp-json\/wp\/v2\/product_cat?post=168569"},{"taxonomy":"product_tag","embeddable":true,"href":"https:\/\/tiendaomega.com.ar\/wp\/wp-json\/wp\/v2\/product_tag?post=168569"}],"curies":[{"name":"wp","href":"https:\/\/api.w.org\/{rel}","templated":true}]}}