{"id":169132,"date":"2022-05-25T02:30:19","date_gmt":"2022-05-25T05:30:19","guid":{"rendered":"https:\/\/tiendaomega.com.ar\/producto\/auricular-con-microfono-klip-xtreme-bluetooth-oasis-7-horas-anc-negro\/"},"modified":"2025-10-02T11:41:32","modified_gmt":"2025-10-02T14:41:32","slug":"auricular-con-microfono-klip-xtreme-bluetooth-oasis-7-horas-anc-negro","status":"publish","type":"product","link":"https:\/\/tiendaomega.com.ar\/wp\/producto\/auricular-con-microfono-klip-xtreme-bluetooth-oasis-7-horas-anc-negro\/","title":{"rendered":"AURICULAR CON MICROFONO KLIP XTREME BLUETOOTH OASIS 7 HORAS (ANC) NEGRO"},"content":{"rendered":"<p>Bluetooth\u00ae v5.0 &#8211; Cancelaci\u00f3n de ruido activa (ANC) &#8211; bater\u00eda de litio recargable ofrece 7 horas de reproducci\u00f3n &#8211; Diadema plegable y almohadillas giratorias &#8211; Modo de manos libres.<\/p>\n","protected":false},"excerpt":{"rendered":"<p>AURICULAR CON MICROFONO KLIP XTREME BLUETOOTH OASIS 7 HORAS (ANC) NEGRO<\/p>\n","protected":false},"featured_media":188235,"template":"","meta":{"_joinchat":[]},"product_brand":[],"product_cat":[164,166],"product_tag":[],"class_list":{"0":"post-169132","1":"product","2":"type-product","3":"status-publish","4":"has-post-thumbnail","6":"product_cat-auriculares","7":"product_cat-bluetooth","9":"first","10":"outofstock","11":"shipping-taxable","12":"purchasable","13":"product-type-simple"},"_links":{"self":[{"href":"https:\/\/tiendaomega.com.ar\/wp\/wp-json\/wp\/v2\/product\/169132","targetHints":{"allow":["GET"]}}],"collection":[{"href":"https:\/\/tiendaomega.com.ar\/wp\/wp-json\/wp\/v2\/product"}],"about":[{"href":"https:\/\/tiendaomega.com.ar\/wp\/wp-json\/wp\/v2\/types\/product"}],"wp:featuredmedia":[{"embeddable":true,"href":"https:\/\/tiendaomega.com.ar\/wp\/wp-json\/wp\/v2\/media\/188235"}],"wp:attachment":[{"href":"https:\/\/tiendaomega.com.ar\/wp\/wp-json\/wp\/v2\/media?parent=169132"}],"wp:term":[{"taxonomy":"product_brand","embeddable":true,"href":"https:\/\/tiendaomega.com.ar\/wp\/wp-json\/wp\/v2\/product_brand?post=169132"},{"taxonomy":"product_cat","embeddable":true,"href":"https:\/\/tiendaomega.com.ar\/wp\/wp-json\/wp\/v2\/product_cat?post=169132"},{"taxonomy":"product_tag","embeddable":true,"href":"https:\/\/tiendaomega.com.ar\/wp\/wp-json\/wp\/v2\/product_tag?post=169132"}],"curies":[{"name":"wp","href":"https:\/\/api.w.org\/{rel}","templated":true}]}}