{"id":169165,"date":"2022-05-26T15:03:45","date_gmt":"2022-05-26T18:03:45","guid":{"rendered":"https:\/\/tiendaomega.com.ar\/producto\/parlante-bluetooth-klip-xtreme-nitro-purpura-20-hs\/"},"modified":"2025-10-02T11:19:14","modified_gmt":"2025-10-02T14:19:14","slug":"parlante-bluetooth-klip-xtreme-nitro-purpura-20-hs","status":"publish","type":"product","link":"https:\/\/tiendaomega.com.ar\/wp\/producto\/parlante-bluetooth-klip-xtreme-nitro-purpura-20-hs\/","title":{"rendered":"PARLANTE BLUETOOTH KLIP XTREME NITRO PURPURA (20 hS) 6W"},"content":{"rendered":"<p>Parlante port\u00e1til con tecnolog\u00eda inal\u00e1mbrica Bluetooth y de vinculaci\u00f3n TWS, dise\u00f1ado para reproducir audio en forma inal\u00e1mbrica a trav\u00e9s de dos parlantes iguales simult\u00e1neamente, a una distancia de hasta 30 metros- La bater\u00eda recargable integrada de 2000mAh ofrece 20 horas de reproducci\u00f3n con una sola carga- Cumple con la clasificaci\u00f3n IPX7 de resistencia al agua, que permite sumergirlo a 1 metro de profundidad durante 30 minutos- Poderoso parlante de 50mm con una potencia de salida excepcional para la gama completa de tonos y calidad de audio superior- Tecnolog\u00eda de radiador pasivo para efectos de graves impresionantes- Micr\u00f3fono incorporado en la unidad para conversaciones con manos libres- Dise\u00f1o compacto complementado por una resistente rejilla met\u00e1lica, revestimiento de goma suave y un pr\u00e1ctico cord\u00f3n para f\u00e1cil transporte<\/p>\n","protected":false},"excerpt":{"rendered":"<p>PARLANTE BLUETOOTH KLIP XTREME NITRO PURPURA (20 hS) 6W<\/p>\n","protected":false},"featured_media":187977,"template":"","meta":{"_joinchat":[]},"product_brand":[],"product_cat":[147,270],"product_tag":[],"class_list":{"0":"post-169165","1":"product","2":"type-product","3":"status-publish","4":"has-post-thumbnail","6":"product_cat-perifericos","7":"product_cat-parlantebluethoot","9":"first","10":"outofstock","11":"shipping-taxable","12":"purchasable","13":"product-type-simple"},"_links":{"self":[{"href":"https:\/\/tiendaomega.com.ar\/wp\/wp-json\/wp\/v2\/product\/169165","targetHints":{"allow":["GET"]}}],"collection":[{"href":"https:\/\/tiendaomega.com.ar\/wp\/wp-json\/wp\/v2\/product"}],"about":[{"href":"https:\/\/tiendaomega.com.ar\/wp\/wp-json\/wp\/v2\/types\/product"}],"wp:featuredmedia":[{"embeddable":true,"href":"https:\/\/tiendaomega.com.ar\/wp\/wp-json\/wp\/v2\/media\/187977"}],"wp:attachment":[{"href":"https:\/\/tiendaomega.com.ar\/wp\/wp-json\/wp\/v2\/media?parent=169165"}],"wp:term":[{"taxonomy":"product_brand","embeddable":true,"href":"https:\/\/tiendaomega.com.ar\/wp\/wp-json\/wp\/v2\/product_brand?post=169165"},{"taxonomy":"product_cat","embeddable":true,"href":"https:\/\/tiendaomega.com.ar\/wp\/wp-json\/wp\/v2\/product_cat?post=169165"},{"taxonomy":"product_tag","embeddable":true,"href":"https:\/\/tiendaomega.com.ar\/wp\/wp-json\/wp\/v2\/product_tag?post=169165"}],"curies":[{"name":"wp","href":"https:\/\/api.w.org\/{rel}","templated":true}]}}