{"id":169255,"date":"2022-05-31T20:00:14","date_gmt":"2022-05-31T23:00:14","guid":{"rendered":"https:\/\/tiendaomega.com.ar\/producto\/auricular-inalambrico-lenovo-xt89-negro\/"},"modified":"2025-10-02T11:19:28","modified_gmt":"2025-10-02T14:19:28","slug":"auricular-inalambrico-lenovo-xt89-negro","status":"publish","type":"product","link":"https:\/\/tiendaomega.com.ar\/wp\/producto\/auricular-inalambrico-lenovo-xt89-negro\/","title":{"rendered":"AURICULAR INALAMBRICO LENOVO XT89 NEGRO"},"content":{"rendered":"<p>Estuche de carga capacidad de la bater\u00eda: 300mAh.Capacidad de la bater\u00eda de los auriculares (cada uno): 40mAh.Resistencia IPX5 (resistente a salpicaduras y sudor)Di\u00e1metro de la unidad: 10mm.Cancelaci\u00f3n de ruido: Activa.Peso del paquete: 73g.Micr\u00f3fono: S\u00ed.Autonom\u00eda de los auriculares: Hasta 4 horas dependiendo el uso.Autonom\u00eda del estuche: Hasta 20 horas dependiendo el uso.Tiempo de carga del auricular: 1 hora.Tiempo de carga del estuche: 2 horas.T\u00e1ctil: S\u00ed.Cargador tipo C.Siguiente anterior canci\u00f3n: S\u00ed.Control de Volumen: S\u00ed.Cortar  atender: S\u00ed.Asistente de voz: S\u00ed.<\/p>\n","protected":false},"excerpt":{"rendered":"<p>AURICULAR INALAMBRICO LENOVO XT89 NEGRO<\/p>\n","protected":false},"featured_media":189881,"template":"","meta":{"_joinchat":[]},"product_brand":[],"product_cat":[164,166],"product_tag":[],"class_list":{"0":"post-169255","1":"product","2":"type-product","3":"status-publish","4":"has-post-thumbnail","6":"product_cat-auriculares","7":"product_cat-bluetooth","9":"first","10":"outofstock","11":"shipping-taxable","12":"purchasable","13":"product-type-simple"},"_links":{"self":[{"href":"https:\/\/tiendaomega.com.ar\/wp\/wp-json\/wp\/v2\/product\/169255","targetHints":{"allow":["GET"]}}],"collection":[{"href":"https:\/\/tiendaomega.com.ar\/wp\/wp-json\/wp\/v2\/product"}],"about":[{"href":"https:\/\/tiendaomega.com.ar\/wp\/wp-json\/wp\/v2\/types\/product"}],"wp:featuredmedia":[{"embeddable":true,"href":"https:\/\/tiendaomega.com.ar\/wp\/wp-json\/wp\/v2\/media\/189881"}],"wp:attachment":[{"href":"https:\/\/tiendaomega.com.ar\/wp\/wp-json\/wp\/v2\/media?parent=169255"}],"wp:term":[{"taxonomy":"product_brand","embeddable":true,"href":"https:\/\/tiendaomega.com.ar\/wp\/wp-json\/wp\/v2\/product_brand?post=169255"},{"taxonomy":"product_cat","embeddable":true,"href":"https:\/\/tiendaomega.com.ar\/wp\/wp-json\/wp\/v2\/product_cat?post=169255"},{"taxonomy":"product_tag","embeddable":true,"href":"https:\/\/tiendaomega.com.ar\/wp\/wp-json\/wp\/v2\/product_tag?post=169255"}],"curies":[{"name":"wp","href":"https:\/\/api.w.org\/{rel}","templated":true}]}}