{"id":169965,"date":"2022-07-30T20:19:29","date_gmt":"2022-07-30T23:19:29","guid":{"rendered":"https:\/\/tiendaomega.com.ar\/producto\/adaptador-usb-m-a-tipo-c-h-netmak-nm-uc\/"},"modified":"2025-10-07T09:46:40","modified_gmt":"2025-10-07T12:46:40","slug":"adaptador-usb-m-a-tipo-c-h-netmak-nm-uc","status":"publish","type":"product","link":"https:\/\/tiendaomega.com.ar\/wp\/producto\/adaptador-usb-m-a-tipo-c-h-netmak-nm-uc\/","title":{"rendered":"ADAPTADOR USB (M) a TIPO C (H) NETMAK NM-UC"},"content":{"rendered":"<p>\u2022 Ideal para conectar U-Disk tipo C, dispositivo m\u00f3vil, disco duro, cable de datos, tel\u00e9fono inteligente o tabletas con puerto Tipo-C al dispositivo USB 2.0 para disfrutar de una r\u00e1pida transferencia y carga de datos.\u2022 Permite conexiones a sus port\u00e1tiles o cargadores USB tipo A con un cable USB tipo C, concentradores USB tipo C y otros dispositivos USB tipo C.\u2022 Compatible con cable USB C a Lightning, cable USB C a C.\u2022 Plug &amp; Play, no requiere drivers.\u2022 Dise\u00f1o port\u00e1til, con tama\u00f1o peque\u00f1o que se puede llevar a cualquier lugar que desee, largo de 3cm x 1cm de ancho.<\/p>\n","protected":false},"excerpt":{"rendered":"<p>ADAPTADOR USB (M) a TIPO C (H) NETMAK NM-UC<\/p>\n","protected":false},"featured_media":452048,"template":"","meta":{"_joinchat":[]},"product_brand":[],"product_cat":[169,235],"product_tag":[],"class_list":{"0":"post-169965","1":"product","2":"type-product","3":"status-publish","4":"has-post-thumbnail","6":"product_cat-accesorios-168","7":"product_cat-adaptadores","9":"first","10":"instock","11":"shipping-taxable","12":"purchasable","13":"product-type-simple"},"_links":{"self":[{"href":"https:\/\/tiendaomega.com.ar\/wp\/wp-json\/wp\/v2\/product\/169965","targetHints":{"allow":["GET"]}}],"collection":[{"href":"https:\/\/tiendaomega.com.ar\/wp\/wp-json\/wp\/v2\/product"}],"about":[{"href":"https:\/\/tiendaomega.com.ar\/wp\/wp-json\/wp\/v2\/types\/product"}],"wp:featuredmedia":[{"embeddable":true,"href":"https:\/\/tiendaomega.com.ar\/wp\/wp-json\/wp\/v2\/media\/452048"}],"wp:attachment":[{"href":"https:\/\/tiendaomega.com.ar\/wp\/wp-json\/wp\/v2\/media?parent=169965"}],"wp:term":[{"taxonomy":"product_brand","embeddable":true,"href":"https:\/\/tiendaomega.com.ar\/wp\/wp-json\/wp\/v2\/product_brand?post=169965"},{"taxonomy":"product_cat","embeddable":true,"href":"https:\/\/tiendaomega.com.ar\/wp\/wp-json\/wp\/v2\/product_cat?post=169965"},{"taxonomy":"product_tag","embeddable":true,"href":"https:\/\/tiendaomega.com.ar\/wp\/wp-json\/wp\/v2\/product_tag?post=169965"}],"curies":[{"name":"wp","href":"https:\/\/api.w.org\/{rel}","templated":true}]}}