{"id":170094,"date":"2022-08-20T20:24:12","date_gmt":"2022-08-20T23:24:12","guid":{"rendered":"https:\/\/tiendaomega.com.ar\/producto\/auricular-con-mic-klip-xtreme-dynamik-deportivos-negro-16-hs\/"},"modified":"2025-10-02T11:18:47","modified_gmt":"2025-10-02T14:18:47","slug":"auricular-con-mic-klip-xtreme-dynamik-deportivos-negro-16-hs","status":"publish","type":"product","link":"https:\/\/tiendaomega.com.ar\/wp\/producto\/auricular-con-mic-klip-xtreme-dynamik-deportivos-negro-16-hs\/","title":{"rendered":"AURICULAR CON MIC KLIP XTREME DYNAMIK DEPORTIVOS NEGRO (16 Hs)"},"content":{"rendered":"<p>Auriculares deportivos con ganchos para un mejor ajuste &#8211; Clasificaci\u00f3n de impermeabilidad IPX7 &#8211; Bluetooth\u00ae V5.0 &#8211; Micr\u00f3fono HD con tecnolog\u00eda de reducci\u00f3n de ruido &#8211; Cord\u00f3n que no se enreda &#8211; Incluye tres juegos de almohadillas &#8211; Bot\u00f3n multifunci\u00f3n incorporado.<\/p>\n","protected":false},"excerpt":{"rendered":"<p>AURICULAR CON MIC KLIP XTREME DYNAMIK DEPORTIVOS NEGRO (16 Hs)<\/p>\n","protected":false},"featured_media":188973,"template":"","meta":{"_joinchat":[]},"product_brand":[],"product_cat":[164,166],"product_tag":[],"class_list":{"0":"post-170094","1":"product","2":"type-product","3":"status-publish","4":"has-post-thumbnail","6":"product_cat-auriculares","7":"product_cat-bluetooth","9":"first","10":"outofstock","11":"shipping-taxable","12":"purchasable","13":"product-type-simple"},"_links":{"self":[{"href":"https:\/\/tiendaomega.com.ar\/wp\/wp-json\/wp\/v2\/product\/170094","targetHints":{"allow":["GET"]}}],"collection":[{"href":"https:\/\/tiendaomega.com.ar\/wp\/wp-json\/wp\/v2\/product"}],"about":[{"href":"https:\/\/tiendaomega.com.ar\/wp\/wp-json\/wp\/v2\/types\/product"}],"wp:featuredmedia":[{"embeddable":true,"href":"https:\/\/tiendaomega.com.ar\/wp\/wp-json\/wp\/v2\/media\/188973"}],"wp:attachment":[{"href":"https:\/\/tiendaomega.com.ar\/wp\/wp-json\/wp\/v2\/media?parent=170094"}],"wp:term":[{"taxonomy":"product_brand","embeddable":true,"href":"https:\/\/tiendaomega.com.ar\/wp\/wp-json\/wp\/v2\/product_brand?post=170094"},{"taxonomy":"product_cat","embeddable":true,"href":"https:\/\/tiendaomega.com.ar\/wp\/wp-json\/wp\/v2\/product_cat?post=170094"},{"taxonomy":"product_tag","embeddable":true,"href":"https:\/\/tiendaomega.com.ar\/wp\/wp-json\/wp\/v2\/product_tag?post=170094"}],"curies":[{"name":"wp","href":"https:\/\/api.w.org\/{rel}","templated":true}]}}