{"id":170863,"date":"2022-11-11T22:56:50","date_gmt":"2022-11-12T01:56:50","guid":{"rendered":"https:\/\/tiendaomega.com.ar\/producto\/auricular-redmi-buds-4-blanco\/"},"modified":"2025-10-02T11:58:39","modified_gmt":"2025-10-02T14:58:39","slug":"auricular-redmi-buds-4-blanco","status":"publish","type":"product","link":"https:\/\/tiendaomega.com.ar\/wp\/producto\/auricular-redmi-buds-4-blanco\/","title":{"rendered":"AURICULAR REDMI BUDS 4 BLANCO"},"content":{"rendered":"<p>XIAOMI REDMI Buds 4Modelo: M2137E1CARACTER\u00cdSTICAS- Anulaci\u00f3n de ruido activa h\u00edbrida de hasta 35 dB: A\u00edsla eficazmente el exceso de ruido exterior- 3 opciones de nivel de ANC y modo ANC adaptativo: Modo adaptativo con valoraci\u00f3n de la situaci\u00f3n, lo que ayuda a elegir el nivel de ANC m\u00e1s adecuado para ti- Reducci\u00f3n de ruido por IA: Realiza llamadas de alta calidad sin perderte una sola palabra- Modo de transparencia doble: Comunicaci\u00f3n fluida incluso con los auriculares puestos- Unidad de diafragma din\u00e1mico de 10 mm, diafragma ultrafino de 0,006 mm: Voces m\u00e1s intensas, graves potentes- Hasta 30 horas de bater\u00eda con estuche: Hasta 6 horas de bater\u00eda con una sola cargaESPECIFICACIONESN\u00famero de modelo del producto: M2137E1Par\u00e1metros de entrada de los auriculares: 5 V 100 mAPar\u00e1metros de entrada del estuche de carga: 5 V 450 mAConectividad inal\u00e1mbrica: Bluetooth\u00ae 5.2Protocolos Bluetooth: HSP, HFP, A2DP, AVRCPDistancia de funcionamiento: 10 m (espacio abierto sin obst\u00e1culos)Peso neto de un solo auricular: Aprox. 4,5 gPeso total con el estuche de carga: Aprox. 55 gPuerto de carga: Tipo CImpedancia del altavoz: 16ohm \u00b115 %<\/p>\n","protected":false},"excerpt":{"rendered":"<p>AURICULAR REDMI BUDS 4 BLANCO <\/p>\n","protected":false},"featured_media":188945,"template":"","meta":{"_joinchat":[]},"product_brand":[],"product_cat":[164,166],"product_tag":[],"class_list":{"0":"post-170863","1":"product","2":"type-product","3":"status-publish","4":"has-post-thumbnail","6":"product_cat-auriculares","7":"product_cat-bluetooth","9":"first","10":"outofstock","11":"shipping-taxable","12":"purchasable","13":"product-type-simple"},"_links":{"self":[{"href":"https:\/\/tiendaomega.com.ar\/wp\/wp-json\/wp\/v2\/product\/170863","targetHints":{"allow":["GET"]}}],"collection":[{"href":"https:\/\/tiendaomega.com.ar\/wp\/wp-json\/wp\/v2\/product"}],"about":[{"href":"https:\/\/tiendaomega.com.ar\/wp\/wp-json\/wp\/v2\/types\/product"}],"wp:featuredmedia":[{"embeddable":true,"href":"https:\/\/tiendaomega.com.ar\/wp\/wp-json\/wp\/v2\/media\/188945"}],"wp:attachment":[{"href":"https:\/\/tiendaomega.com.ar\/wp\/wp-json\/wp\/v2\/media?parent=170863"}],"wp:term":[{"taxonomy":"product_brand","embeddable":true,"href":"https:\/\/tiendaomega.com.ar\/wp\/wp-json\/wp\/v2\/product_brand?post=170863"},{"taxonomy":"product_cat","embeddable":true,"href":"https:\/\/tiendaomega.com.ar\/wp\/wp-json\/wp\/v2\/product_cat?post=170863"},{"taxonomy":"product_tag","embeddable":true,"href":"https:\/\/tiendaomega.com.ar\/wp\/wp-json\/wp\/v2\/product_tag?post=170863"}],"curies":[{"name":"wp","href":"https:\/\/api.w.org\/{rel}","templated":true}]}}