{"id":176675,"date":"2022-12-27T21:18:42","date_gmt":"2022-12-28T00:18:42","guid":{"rendered":"https:\/\/tiendaomega.com.ar\/producto\/pasta-termica-arctic-mx-2-8-gramos-grasa-alto-rendimiento\/"},"modified":"2025-10-02T11:30:34","modified_gmt":"2025-10-02T14:30:34","slug":"pasta-termica-arctic-mx-2-8-gramos-grasa-alto-rendimiento","status":"publish","type":"product","link":"https:\/\/tiendaomega.com.ar\/wp\/producto\/pasta-termica-arctic-mx-2-8-gramos-grasa-alto-rendimiento\/","title":{"rendered":"PASTA TERMICA ARCTIC MX-2 8 Gramos (Grasa) ALTO RENDIMIENTO"},"content":{"rendered":"<p>PASTA T\u00c9RMICA DISIPADORA DE CALOR ARCTIC MX-2Marca: ARCTICModelo: MX-2Presentaci\u00f3n: Jeringa de 8gr.El Compuesto T\u00e9rmico ARCTIC MX-2 ofrece una alta conductividad y baja resistencia t\u00e9rmicas, para transmitir el calor de manera eficiente del CPU  GPU al disipador instalado.El MX-2 es una PASTA T\u00c9RMICA NO MET\u00c1LICA, y supera ampliamente a otras pastas t\u00e9rmicas met\u00e1licas en el mercado. Su dise\u00f1o conductivo no el\u00e9ctrico y sin metal elimina cualquier riesgo de causar un cortocircuito, agregando m\u00e1s protecci\u00f3n a la CPU y la tarjeta gr\u00e1fica.La Pasta T\u00e9rmica ARCTIC MX-2 tiene un Rendimiento Muy Alto. Debido a su alta conductividad t\u00e9rmica y baja resistencia t\u00e9rmica, el MX-2 garantiza una disipaci\u00f3n t\u00e9rmica eficiente de los componentes. Con un excelente rendimiento de reducci\u00f3n de temperatura, el MX-2 es ideal para la refrigeraci\u00f3n de CPU y tarjetas gr\u00e1ficas, y otras aplicaciones entre componentes de semiconductores de potencia y disipadores de calor. \u00a1Es tambi\u00e9n una de las formas m\u00e1s f\u00e1ciles de mejorar a\u00fan m\u00e1s el overclockability!<\/p>\n","protected":false},"excerpt":{"rendered":"<p>PASTA TERMICA ARCTIC MX-2 8 Gramos (Grasa) ALTO RENDIMIENTO<\/p>\n","protected":false},"featured_media":189746,"template":"","meta":{"_joinchat":[]},"product_brand":[],"product_cat":[31],"product_tag":[],"class_list":{"0":"post-176675","1":"product","2":"type-product","3":"status-publish","4":"has-post-thumbnail","6":"product_cat-sin-categorizar","8":"first","9":"outofstock","10":"shipping-taxable","11":"purchasable","12":"product-type-simple"},"_links":{"self":[{"href":"https:\/\/tiendaomega.com.ar\/wp\/wp-json\/wp\/v2\/product\/176675","targetHints":{"allow":["GET"]}}],"collection":[{"href":"https:\/\/tiendaomega.com.ar\/wp\/wp-json\/wp\/v2\/product"}],"about":[{"href":"https:\/\/tiendaomega.com.ar\/wp\/wp-json\/wp\/v2\/types\/product"}],"wp:featuredmedia":[{"embeddable":true,"href":"https:\/\/tiendaomega.com.ar\/wp\/wp-json\/wp\/v2\/media\/189746"}],"wp:attachment":[{"href":"https:\/\/tiendaomega.com.ar\/wp\/wp-json\/wp\/v2\/media?parent=176675"}],"wp:term":[{"taxonomy":"product_brand","embeddable":true,"href":"https:\/\/tiendaomega.com.ar\/wp\/wp-json\/wp\/v2\/product_brand?post=176675"},{"taxonomy":"product_cat","embeddable":true,"href":"https:\/\/tiendaomega.com.ar\/wp\/wp-json\/wp\/v2\/product_cat?post=176675"},{"taxonomy":"product_tag","embeddable":true,"href":"https:\/\/tiendaomega.com.ar\/wp\/wp-json\/wp\/v2\/product_tag?post=176675"}],"curies":[{"name":"wp","href":"https:\/\/api.w.org\/{rel}","templated":true}]}}