{"id":177095,"date":"2023-02-09T09:07:47","date_gmt":"2023-02-09T12:07:47","guid":{"rendered":"https:\/\/tiendaomega.com.ar\/producto\/switch-tp-link-8-bocas-tl-sg108e-smart-gigabit-acero\/"},"modified":"2025-10-02T11:12:35","modified_gmt":"2025-10-02T14:12:35","slug":"switch-tp-link-8-bocas-tl-sg108e-smart-gigabit-acero","status":"publish","type":"product","link":"https:\/\/tiendaomega.com.ar\/wp\/producto\/switch-tp-link-8-bocas-tl-sg108e-smart-gigabit-acero\/","title":{"rendered":"SWITCH TP-LINK 8 BOCAS TL-SG108E SMART GIGABIT ACERO"},"content":{"rendered":"<p>8 puertos de 101001000Mbps RJ45 Proporciona funciones de supervisi\u00f3n de red, priorizaci\u00f3n de tr\u00e1fico y VLANTecnolog\u00eda de eficiencia energ\u00e9tica innovadora que reduce el gasto de energ\u00eda hasta en un 80%F\u00e1cil configuraci\u00f3n de red con la conectividad plug-and-playAdministraci\u00f3n centralizada de todos los Switches Easy Smart con la Utilidad de configuraci\u00f3n Easy SmartPara qu\u00e9 sirve este productoEl Switch TL-SG108E Easy Smart de 8 puertos Gigabit es una actualizaci\u00f3n ideal de un switch no gestionado, dise\u00f1ado para peque\u00f1as y medianas empresas que requieren de redes con gesti\u00f3n simple. Los administradores de red pueden controlar el tr\u00e1fico a trav\u00e9s de la duplicaci\u00f3n de puertos, de la prevenci\u00f3n de bucles y con sus funciones de diagn\u00f3stico de cable. Para optimizar el tr\u00e1fico en su red de negocios, el TL-SG108E ofrece QoS basado en puerto y en etiquetas para mantener el tr\u00e1fico sensible a la latencia sin problemas y sin fluctuaciones. Adem\u00e1s, su soporte MTU VLAN basado en puerto yo en etiquetas puede mejorar la seguridad y cumplir con los requisitos de segmentaci\u00f3n de red. Por otra parte, con su innovadora tecnolog\u00eda de eficiencia energ\u00e9tica, el TL-SG108E puede ahorrar hasta un 80% del consumo de energ\u00eda, lo cual es una soluci\u00f3n ecol\u00f3gica para su red de negocios.<\/p>\n","protected":false},"excerpt":{"rendered":"<p>SWITCH TP-LINK 8 BOCAS TL-SG108E SMART GIGABIT ACERO<\/p>\n","protected":false},"featured_media":188917,"template":"","meta":{"_joinchat":[]},"product_brand":[],"product_cat":[255,257],"product_tag":[],"class_list":{"0":"post-177095","1":"product","2":"type-product","3":"status-publish","4":"has-post-thumbnail","6":"product_cat-conectividad","7":"product_cat-switch-conectividad","9":"first","10":"outofstock","11":"shipping-taxable","12":"purchasable","13":"product-type-simple"},"_links":{"self":[{"href":"https:\/\/tiendaomega.com.ar\/wp\/wp-json\/wp\/v2\/product\/177095","targetHints":{"allow":["GET"]}}],"collection":[{"href":"https:\/\/tiendaomega.com.ar\/wp\/wp-json\/wp\/v2\/product"}],"about":[{"href":"https:\/\/tiendaomega.com.ar\/wp\/wp-json\/wp\/v2\/types\/product"}],"wp:featuredmedia":[{"embeddable":true,"href":"https:\/\/tiendaomega.com.ar\/wp\/wp-json\/wp\/v2\/media\/188917"}],"wp:attachment":[{"href":"https:\/\/tiendaomega.com.ar\/wp\/wp-json\/wp\/v2\/media?parent=177095"}],"wp:term":[{"taxonomy":"product_brand","embeddable":true,"href":"https:\/\/tiendaomega.com.ar\/wp\/wp-json\/wp\/v2\/product_brand?post=177095"},{"taxonomy":"product_cat","embeddable":true,"href":"https:\/\/tiendaomega.com.ar\/wp\/wp-json\/wp\/v2\/product_cat?post=177095"},{"taxonomy":"product_tag","embeddable":true,"href":"https:\/\/tiendaomega.com.ar\/wp\/wp-json\/wp\/v2\/product_tag?post=177095"}],"curies":[{"name":"wp","href":"https:\/\/api.w.org\/{rel}","templated":true}]}}