{"id":177121,"date":"2023-02-13T13:12:52","date_gmt":"2023-02-13T16:12:52","guid":{"rendered":"https:\/\/tiendaomega.com.ar\/producto\/placa-de-red-usb-mw300um-300mbps\/"},"modified":"2025-10-02T11:31:27","modified_gmt":"2025-10-02T14:31:27","slug":"placa-de-red-usb-mw300um-300mbps","status":"publish","type":"product","link":"https:\/\/tiendaomega.com.ar\/wp\/producto\/placa-de-red-usb-mw300um-300mbps\/","title":{"rendered":"PLACA DE RED USB MW300UM 300MBPS"},"content":{"rendered":"<p>Descripci\u00f3n- Marca: MERCUSYS- Modelo: N300 (MW300UM)INAL\u00c1MBRICA- Est\u00e1ndares inal\u00e1mbricos: IEEE 802.11n, IEEE 802.11g, IEEE 802.11b- Frecuencia: 2.400 &#8211; 2.4835 GHz- Tasa de se\u00f1al: 11n: hasta 300 Mbps (din\u00e1mico) &#8211; 11g: hasta 54 Mbps (din\u00e1mico) &#8211; 11b: hasta 11 Mbps (din\u00e1mico)SENSIBILIDAD DE RECEPCI\u00d3N270M: -62dBm@10% POR130M: -65dBm@10% POR108M: -68dBm @ 10% POR54M: -68dBm @ 10% POR11M: -85dBm @ 8% POR6M: -88dBm@10% POR1M: -90dBm @ 8% POR- Poder de transmisi\u00f3n:<\/p>\n","protected":false},"excerpt":{"rendered":"<p>PLACA DE RED USB MW300UM 300MBPS<\/p>\n","protected":false},"featured_media":188916,"template":"","meta":{"_joinchat":[]},"product_brand":[],"product_cat":[255,256],"product_tag":[],"class_list":{"0":"post-177121","1":"product","2":"type-product","3":"status-publish","4":"has-post-thumbnail","6":"product_cat-conectividad","7":"product_cat-placas-wifi","9":"first","10":"outofstock","11":"shipping-taxable","12":"purchasable","13":"product-type-simple"},"_links":{"self":[{"href":"https:\/\/tiendaomega.com.ar\/wp\/wp-json\/wp\/v2\/product\/177121","targetHints":{"allow":["GET"]}}],"collection":[{"href":"https:\/\/tiendaomega.com.ar\/wp\/wp-json\/wp\/v2\/product"}],"about":[{"href":"https:\/\/tiendaomega.com.ar\/wp\/wp-json\/wp\/v2\/types\/product"}],"wp:featuredmedia":[{"embeddable":true,"href":"https:\/\/tiendaomega.com.ar\/wp\/wp-json\/wp\/v2\/media\/188916"}],"wp:attachment":[{"href":"https:\/\/tiendaomega.com.ar\/wp\/wp-json\/wp\/v2\/media?parent=177121"}],"wp:term":[{"taxonomy":"product_brand","embeddable":true,"href":"https:\/\/tiendaomega.com.ar\/wp\/wp-json\/wp\/v2\/product_brand?post=177121"},{"taxonomy":"product_cat","embeddable":true,"href":"https:\/\/tiendaomega.com.ar\/wp\/wp-json\/wp\/v2\/product_cat?post=177121"},{"taxonomy":"product_tag","embeddable":true,"href":"https:\/\/tiendaomega.com.ar\/wp\/wp-json\/wp\/v2\/product_tag?post=177121"}],"curies":[{"name":"wp","href":"https:\/\/api.w.org\/{rel}","templated":true}]}}