{"id":177179,"date":"2023-02-17T20:47:41","date_gmt":"2023-02-17T23:47:41","guid":{"rendered":"https:\/\/tiendaomega.com.ar\/producto\/auricular-vincha-bluethooth-azul-netmak-nm-volt-b-10-horas\/"},"modified":"2025-10-02T11:12:40","modified_gmt":"2025-10-02T14:12:40","slug":"auricular-vincha-bluethooth-azul-netmak-nm-volt-b-10-horas","status":"publish","type":"product","link":"https:\/\/tiendaomega.com.ar\/wp\/producto\/auricular-vincha-bluethooth-azul-netmak-nm-volt-b-10-horas\/","title":{"rendered":"AURICULAR VINCHA BLUETHOOTH AZUL NETMAK NM-VOLT-B 10 HORAS"},"content":{"rendered":"<p>Auricular Vincha Bluetooth Con funci\u00f3n dual (Es bluetooth y tambi\u00e9n se puede usar con cable) ESPECIFICACIONES:Medida de la bocina: 40 mmSensibilidad: 105 dBImpedancia: 32 OhmConector: Tipo C (carga) 3.5 mm (aux)Alimentaci\u00f3n: 5 Vcc 1 AMicr\u00f3fono: SiAlcance inal\u00e1mbrico: 5.0 + EDRCapacidad bater\u00eda: 360 mAhTiempo de uso: 10 h aproxRanura micro SDCONTENIDO DEL EMPAQUE:1 Aud\u00edfono inal\u00e1mbrico 1 Cable de carga1 Cable 3.5 mm1 Manual de usuario<\/p>\n","protected":false},"excerpt":{"rendered":"<p>AURICULAR VINCHA BLUETHOOTH AZUL NETMAK NM-VOLT-B 10 HORAS<\/p>\n","protected":false},"featured_media":190447,"template":"","meta":{"_joinchat":[]},"product_brand":[],"product_cat":[164,166],"product_tag":[],"class_list":{"0":"post-177179","1":"product","2":"type-product","3":"status-publish","4":"has-post-thumbnail","6":"product_cat-auriculares","7":"product_cat-bluetooth","9":"first","10":"outofstock","11":"shipping-taxable","12":"purchasable","13":"product-type-simple"},"_links":{"self":[{"href":"https:\/\/tiendaomega.com.ar\/wp\/wp-json\/wp\/v2\/product\/177179","targetHints":{"allow":["GET"]}}],"collection":[{"href":"https:\/\/tiendaomega.com.ar\/wp\/wp-json\/wp\/v2\/product"}],"about":[{"href":"https:\/\/tiendaomega.com.ar\/wp\/wp-json\/wp\/v2\/types\/product"}],"wp:featuredmedia":[{"embeddable":true,"href":"https:\/\/tiendaomega.com.ar\/wp\/wp-json\/wp\/v2\/media\/190447"}],"wp:attachment":[{"href":"https:\/\/tiendaomega.com.ar\/wp\/wp-json\/wp\/v2\/media?parent=177179"}],"wp:term":[{"taxonomy":"product_brand","embeddable":true,"href":"https:\/\/tiendaomega.com.ar\/wp\/wp-json\/wp\/v2\/product_brand?post=177179"},{"taxonomy":"product_cat","embeddable":true,"href":"https:\/\/tiendaomega.com.ar\/wp\/wp-json\/wp\/v2\/product_cat?post=177179"},{"taxonomy":"product_tag","embeddable":true,"href":"https:\/\/tiendaomega.com.ar\/wp\/wp-json\/wp\/v2\/product_tag?post=177179"}],"curies":[{"name":"wp","href":"https:\/\/api.w.org\/{rel}","templated":true}]}}