{"id":178675,"date":"2023-05-10T20:05:13","date_gmt":"2023-05-10T23:05:13","guid":{"rendered":"https:\/\/tiendaomega.com.ar\/wp\/producto\/placa-de-red-usb-wifi-150-mbps-con-antena-ams\/"},"modified":"2025-10-02T10:53:23","modified_gmt":"2025-10-02T13:53:23","slug":"placa-de-red-usb-wifi-150-mbps-con-antena-ams","status":"publish","type":"product","link":"https:\/\/tiendaomega.com.ar\/wp\/producto\/placa-de-red-usb-wifi-150-mbps-con-antena-ams\/","title":{"rendered":"PLACA DE RED USB WIFI 150 MBPS CON ANTENA AMS"},"content":{"rendered":"<p>Adaptador Usb 150Mbps 2.4Ghz- Para PcNotebook.- Conectividad WLAN.- Tasa de transferencia de datos 150 Mbps.- Interfaz USB 2.0.-Dispositivo plug and play.-Soporta Windows XP  7  10 &#8211; MAC OSX &#8211; Linux .-Est\u00e1ndares: 802.11N , compatible con versiones anteriores con 802.11 a  b  g  n productos de est\u00e1ndares inal\u00e1mbricos.-Seguridad: WFA, WPS, WPA2, WPS2.0, WAPI.-Incluye:-Antena receptora.-Adaptador USB con rosca.<\/p>\n","protected":false},"excerpt":{"rendered":"<p>PLACA DE RED USB WIFI 150 MBPS CON ANTENA AMS<\/p>\n","protected":false},"featured_media":188842,"template":"","meta":{"_joinchat":[]},"product_brand":[],"product_cat":[255,256],"product_tag":[],"class_list":{"0":"post-178675","1":"product","2":"type-product","3":"status-publish","4":"has-post-thumbnail","6":"product_cat-conectividad","7":"product_cat-placas-wifi","9":"first","10":"outofstock","11":"shipping-taxable","12":"purchasable","13":"product-type-simple"},"_links":{"self":[{"href":"https:\/\/tiendaomega.com.ar\/wp\/wp-json\/wp\/v2\/product\/178675","targetHints":{"allow":["GET"]}}],"collection":[{"href":"https:\/\/tiendaomega.com.ar\/wp\/wp-json\/wp\/v2\/product"}],"about":[{"href":"https:\/\/tiendaomega.com.ar\/wp\/wp-json\/wp\/v2\/types\/product"}],"wp:featuredmedia":[{"embeddable":true,"href":"https:\/\/tiendaomega.com.ar\/wp\/wp-json\/wp\/v2\/media\/188842"}],"wp:attachment":[{"href":"https:\/\/tiendaomega.com.ar\/wp\/wp-json\/wp\/v2\/media?parent=178675"}],"wp:term":[{"taxonomy":"product_brand","embeddable":true,"href":"https:\/\/tiendaomega.com.ar\/wp\/wp-json\/wp\/v2\/product_brand?post=178675"},{"taxonomy":"product_cat","embeddable":true,"href":"https:\/\/tiendaomega.com.ar\/wp\/wp-json\/wp\/v2\/product_cat?post=178675"},{"taxonomy":"product_tag","embeddable":true,"href":"https:\/\/tiendaomega.com.ar\/wp\/wp-json\/wp\/v2\/product_tag?post=178675"}],"curies":[{"name":"wp","href":"https:\/\/api.w.org\/{rel}","templated":true}]}}