{"id":178692,"date":"2023-05-11T08:56:12","date_gmt":"2023-05-11T11:56:12","guid":{"rendered":"https:\/\/tiendaomega.com.ar\/wp\/producto\/placa-de-red-usb-wifi-150-mbps-nano-ams\/"},"modified":"2025-10-02T12:01:00","modified_gmt":"2025-10-02T15:01:00","slug":"placa-de-red-usb-wifi-150-mbps-nano-ams","status":"publish","type":"product","link":"https:\/\/tiendaomega.com.ar\/wp\/producto\/placa-de-red-usb-wifi-150-mbps-nano-ams\/","title":{"rendered":"PLACA DE RED USB WIFI 150 MBPS NANO AMS"},"content":{"rendered":"<p>Adaptador Usb 150Mbps 2.4Ghz- Para PcNotebook- Conectividad WLAN.- Tasa de transferencia de datos 150 Mbps.- Interfaz USB 2.0.-Dispositivo plug and play.-Soporta Windows XP  7  10 &#8211; MAC OSX &#8211; Linux .-Est\u00e1ndares: 802.11N , compatible con versiones anteriores con 802.11 a  b  g  n productos de est\u00e1ndares inal\u00e1mbricos.-Seguridad: WFA, WPS, WPA2, WPS2.0, WAPI.<\/p>\n","protected":false},"excerpt":{"rendered":"<p>PLACA DE RED USB WIFI 150 MBPS NANO AMS<\/p>\n","protected":false},"featured_media":188841,"template":"","meta":{"_joinchat":[]},"product_brand":[],"product_cat":[255,256],"product_tag":[],"class_list":{"0":"post-178692","1":"product","2":"type-product","3":"status-publish","4":"has-post-thumbnail","6":"product_cat-conectividad","7":"product_cat-placas-wifi","9":"first","10":"outofstock","11":"shipping-taxable","12":"purchasable","13":"product-type-simple"},"_links":{"self":[{"href":"https:\/\/tiendaomega.com.ar\/wp\/wp-json\/wp\/v2\/product\/178692","targetHints":{"allow":["GET"]}}],"collection":[{"href":"https:\/\/tiendaomega.com.ar\/wp\/wp-json\/wp\/v2\/product"}],"about":[{"href":"https:\/\/tiendaomega.com.ar\/wp\/wp-json\/wp\/v2\/types\/product"}],"wp:featuredmedia":[{"embeddable":true,"href":"https:\/\/tiendaomega.com.ar\/wp\/wp-json\/wp\/v2\/media\/188841"}],"wp:attachment":[{"href":"https:\/\/tiendaomega.com.ar\/wp\/wp-json\/wp\/v2\/media?parent=178692"}],"wp:term":[{"taxonomy":"product_brand","embeddable":true,"href":"https:\/\/tiendaomega.com.ar\/wp\/wp-json\/wp\/v2\/product_brand?post=178692"},{"taxonomy":"product_cat","embeddable":true,"href":"https:\/\/tiendaomega.com.ar\/wp\/wp-json\/wp\/v2\/product_cat?post=178692"},{"taxonomy":"product_tag","embeddable":true,"href":"https:\/\/tiendaomega.com.ar\/wp\/wp-json\/wp\/v2\/product_tag?post=178692"}],"curies":[{"name":"wp","href":"https:\/\/api.w.org\/{rel}","templated":true}]}}