{"id":178739,"date":"2023-05-11T20:57:27","date_gmt":"2023-05-11T23:57:27","guid":{"rendered":"https:\/\/tiendaomega.com.ar\/wp\/producto\/microfono-gamer-streamer-con-brazo-noga-mic-st700\/"},"modified":"2026-02-24T09:19:00","modified_gmt":"2026-02-24T12:19:00","slug":"microfono-gamer-streamer-con-brazo-noga-mic-st700","status":"publish","type":"product","link":"https:\/\/tiendaomega.com.ar\/wp\/producto\/microfono-gamer-streamer-con-brazo-noga-mic-st700\/","title":{"rendered":"MICROFONO GAMER STREAMER CON BRAZO NOGA MIC-ST700"},"content":{"rendered":"<p>MICR\u00d3FONO STREAMER HI-FI UNIDIRECCIONALEl MIC-ST700 es un micr\u00f3fono de condensador profesional, el cual incluye un completo y preciso circuito electr\u00f3nico y c\u00e1psula de diafragma enchapada en oro.Dise\u00f1ado para ofrecer un alto rendimiento, bajo nivel de ruido y reproducci\u00f3n de los sonidos m\u00e1s sutiles, adecuado especialmente para estudios de grabaci\u00f3n, emisoras de radiodifusi\u00f3n, grabaciones profesionales y streamers, cumpliendo con requisitos de alta calidad para transmisi\u00f3n y grabaci\u00f3n.<\/p>\n","protected":false},"excerpt":{"rendered":"<p>MICROFONO GAMER STREAMER CON BRAZO NOGA MIC-ST700<\/p>\n","protected":false},"featured_media":183937,"template":"","meta":{"_joinchat":[]},"product_brand":[],"product_cat":[152,147],"product_tag":[],"class_list":{"0":"post-178739","1":"product","2":"type-product","3":"status-publish","4":"has-post-thumbnail","6":"product_cat-microfonos","7":"product_cat-perifericos","9":"first","10":"outofstock","11":"shipping-taxable","12":"purchasable","13":"product-type-simple"},"_links":{"self":[{"href":"https:\/\/tiendaomega.com.ar\/wp\/wp-json\/wp\/v2\/product\/178739","targetHints":{"allow":["GET"]}}],"collection":[{"href":"https:\/\/tiendaomega.com.ar\/wp\/wp-json\/wp\/v2\/product"}],"about":[{"href":"https:\/\/tiendaomega.com.ar\/wp\/wp-json\/wp\/v2\/types\/product"}],"wp:featuredmedia":[{"embeddable":true,"href":"https:\/\/tiendaomega.com.ar\/wp\/wp-json\/wp\/v2\/media\/183937"}],"wp:attachment":[{"href":"https:\/\/tiendaomega.com.ar\/wp\/wp-json\/wp\/v2\/media?parent=178739"}],"wp:term":[{"taxonomy":"product_brand","embeddable":true,"href":"https:\/\/tiendaomega.com.ar\/wp\/wp-json\/wp\/v2\/product_brand?post=178739"},{"taxonomy":"product_cat","embeddable":true,"href":"https:\/\/tiendaomega.com.ar\/wp\/wp-json\/wp\/v2\/product_cat?post=178739"},{"taxonomy":"product_tag","embeddable":true,"href":"https:\/\/tiendaomega.com.ar\/wp\/wp-json\/wp\/v2\/product_tag?post=178739"}],"curies":[{"name":"wp","href":"https:\/\/api.w.org\/{rel}","templated":true}]}}