{"id":179233,"date":"2023-06-01T13:44:48","date_gmt":"2023-06-01T16:44:48","guid":{"rendered":"https:\/\/tiendaomega.com.ar\/wp\/producto\/auriculares-haylou-g3-true-gaming\/"},"modified":"2025-10-02T11:05:22","modified_gmt":"2025-10-02T14:05:22","slug":"auriculares-haylou-g3-true-gaming","status":"publish","type":"product","link":"https:\/\/tiendaomega.com.ar\/wp\/producto\/auriculares-haylou-g3-true-gaming\/","title":{"rendered":"AURICULARES HAYLOU G3 TRUE GAMING"},"content":{"rendered":"<p>Modo de juego de 45 ms, latencia ultrabajaCancelaci\u00f3n de ruido de llamada de micr\u00f3fono dual, llamada n\u00edtidaModo de juegocinem\u00fasica, sonido especialmente sintonizadoConexi\u00f3n inal\u00e1mbrica: Bluetooth 5.2interfaz de carga: Tipo CDuraci\u00f3n de la bater\u00eda: Aprox. 4.5 horasCapacidad de la bater\u00eda del auricular: 45 mAhCapacidad del estuche de carga: 500mAhTiempo de carga de los auriculares: Aprox. 2 horasTiempo de carga del estuche de carga: Aprox. 2 horas.<\/p>\n","protected":false},"excerpt":{"rendered":"<p>AURICULARES HAYLOU G3 TRUE GAMING<\/p>\n","protected":false},"featured_media":187307,"template":"","meta":{"_joinchat":[]},"product_brand":[],"product_cat":[164,166],"product_tag":[],"class_list":{"0":"post-179233","1":"product","2":"type-product","3":"status-publish","4":"has-post-thumbnail","6":"product_cat-auriculares","7":"product_cat-bluetooth","9":"first","10":"outofstock","11":"shipping-taxable","12":"purchasable","13":"product-type-simple"},"_links":{"self":[{"href":"https:\/\/tiendaomega.com.ar\/wp\/wp-json\/wp\/v2\/product\/179233","targetHints":{"allow":["GET"]}}],"collection":[{"href":"https:\/\/tiendaomega.com.ar\/wp\/wp-json\/wp\/v2\/product"}],"about":[{"href":"https:\/\/tiendaomega.com.ar\/wp\/wp-json\/wp\/v2\/types\/product"}],"wp:featuredmedia":[{"embeddable":true,"href":"https:\/\/tiendaomega.com.ar\/wp\/wp-json\/wp\/v2\/media\/187307"}],"wp:attachment":[{"href":"https:\/\/tiendaomega.com.ar\/wp\/wp-json\/wp\/v2\/media?parent=179233"}],"wp:term":[{"taxonomy":"product_brand","embeddable":true,"href":"https:\/\/tiendaomega.com.ar\/wp\/wp-json\/wp\/v2\/product_brand?post=179233"},{"taxonomy":"product_cat","embeddable":true,"href":"https:\/\/tiendaomega.com.ar\/wp\/wp-json\/wp\/v2\/product_cat?post=179233"},{"taxonomy":"product_tag","embeddable":true,"href":"https:\/\/tiendaomega.com.ar\/wp\/wp-json\/wp\/v2\/product_tag?post=179233"}],"curies":[{"name":"wp","href":"https:\/\/api.w.org\/{rel}","templated":true}]}}