{"id":179250,"date":"2023-06-02T09:01:41","date_gmt":"2023-06-02T12:01:41","guid":{"rendered":"https:\/\/tiendaomega.com.ar\/wp\/producto\/tester-digital-con-medidor-de-temperatura-netmak-nm-890g\/"},"modified":"2026-04-11T10:22:38","modified_gmt":"2026-04-11T13:22:38","slug":"tester-digital-con-medidor-de-temperatura-netmak-nm-890g","status":"publish","type":"product","link":"https:\/\/tiendaomega.com.ar\/wp\/producto\/tester-digital-con-medidor-de-temperatura-netmak-nm-890g\/","title":{"rendered":"TESTER DIGITAL CON MEDIDOR DE TEMPERATURA NETMAK NM-890G"},"content":{"rendered":"<p>ESPECIFICACIONES:Alimentaci\u00f3n: 9V (No inclu\u00edda)Tipo de bater\u00eda: 1x\u00a86F22\u00a8(cuadrada)Sensor de temperaturaResistencia: 20020mFrecuenc\u00edmetro hasta 20kHzPrueba de transitoresPrueba de diodos con buzzerProtector de gomaTensi\u00f3n continua: 200m1000VTensi\u00f3n alterna: 2750VCorriente continua: 2m20ACorriente alterna: 200m20ACapac\u00edmetro: 2002000pFDimensiones: 180x95x40mm aprox.Peso: 250gMaterial: Pl\u00e1stico ABSESCALASCorriente directa: 2m20m200m20AVoltaje alterna: 220200750VVoltaje directo: 0.22202001000 VccResistencia: 2002K20K200K2M20MOtros: Diodos transitores NPNPNPACCESORIOS:1x Carcaza protectora1x juego de puntas tipo aguja<\/p>\n","protected":false},"excerpt":{"rendered":"<p>TESTER DIGITAL CON MEDIDOR DE TEMPERATURA NETMAK NM-890G<\/p>\n","protected":false},"featured_media":187753,"template":"","meta":{"_joinchat":[]},"product_brand":[],"product_cat":[31],"product_tag":[],"class_list":{"0":"post-179250","1":"product","2":"type-product","3":"status-publish","4":"has-post-thumbnail","6":"product_cat-sin-categorizar","8":"first","9":"outofstock","10":"shipping-taxable","11":"purchasable","12":"product-type-simple"},"_links":{"self":[{"href":"https:\/\/tiendaomega.com.ar\/wp\/wp-json\/wp\/v2\/product\/179250","targetHints":{"allow":["GET"]}}],"collection":[{"href":"https:\/\/tiendaomega.com.ar\/wp\/wp-json\/wp\/v2\/product"}],"about":[{"href":"https:\/\/tiendaomega.com.ar\/wp\/wp-json\/wp\/v2\/types\/product"}],"wp:featuredmedia":[{"embeddable":true,"href":"https:\/\/tiendaomega.com.ar\/wp\/wp-json\/wp\/v2\/media\/187753"}],"wp:attachment":[{"href":"https:\/\/tiendaomega.com.ar\/wp\/wp-json\/wp\/v2\/media?parent=179250"}],"wp:term":[{"taxonomy":"product_brand","embeddable":true,"href":"https:\/\/tiendaomega.com.ar\/wp\/wp-json\/wp\/v2\/product_brand?post=179250"},{"taxonomy":"product_cat","embeddable":true,"href":"https:\/\/tiendaomega.com.ar\/wp\/wp-json\/wp\/v2\/product_cat?post=179250"},{"taxonomy":"product_tag","embeddable":true,"href":"https:\/\/tiendaomega.com.ar\/wp\/wp-json\/wp\/v2\/product_tag?post=179250"}],"curies":[{"name":"wp","href":"https:\/\/api.w.org\/{rel}","templated":true}]}}