{"id":179253,"date":"2023-06-02T09:01:55","date_gmt":"2023-06-02T12:01:55","guid":{"rendered":"https:\/\/tiendaomega.com.ar\/wp\/producto\/conversor-vga-audio-a-hdmi-netmak-nm-c63\/"},"modified":"2025-10-02T11:01:20","modified_gmt":"2025-10-02T14:01:20","slug":"conversor-vga-audio-a-hdmi-netmak-nm-c63","status":"publish","type":"product","link":"https:\/\/tiendaomega.com.ar\/wp\/producto\/conversor-vga-audio-a-hdmi-netmak-nm-c63\/","title":{"rendered":"CONVERSOR VGA + AUDIO A HDMI NETMAK NM-C63"},"content":{"rendered":"<p>Cable conversor VGA + audio a HDMIConecte un auricular de 4 posiciones (audio y micr\u00f3fono) a una computadora  ordenador port\u00e1til que tiene puertos de micr\u00f3fono y audio separados;Funciona con todas las aplicaciones de PC &#8211; Skype, MSN Messenger, Yahoo, Google Voice etc.Compatible con varios ordenadores port\u00e1tiles que tienen puertos de micr\u00f3fono y audio separadosDise\u00f1o de compacto para m\u00e1xima portabilidadGran soluci\u00f3n para llevar siempre en el bolso de su laptop.Conectores resisten la corrosi\u00f3n y aseguran una \u00f3ptima calidad de sonido.<\/p>\n","protected":false},"excerpt":{"rendered":"<p>CONVERSOR VGA + AUDIO A HDMI NETMAK NM-C63<\/p>\n","protected":false},"featured_media":188819,"template":"","meta":{"_joinchat":[]},"product_brand":[],"product_cat":[169,235],"product_tag":[],"class_list":{"0":"post-179253","1":"product","2":"type-product","3":"status-publish","4":"has-post-thumbnail","6":"product_cat-accesorios-168","7":"product_cat-adaptadores","9":"first","10":"outofstock","11":"shipping-taxable","12":"purchasable","13":"product-type-simple"},"_links":{"self":[{"href":"https:\/\/tiendaomega.com.ar\/wp\/wp-json\/wp\/v2\/product\/179253","targetHints":{"allow":["GET"]}}],"collection":[{"href":"https:\/\/tiendaomega.com.ar\/wp\/wp-json\/wp\/v2\/product"}],"about":[{"href":"https:\/\/tiendaomega.com.ar\/wp\/wp-json\/wp\/v2\/types\/product"}],"wp:featuredmedia":[{"embeddable":true,"href":"https:\/\/tiendaomega.com.ar\/wp\/wp-json\/wp\/v2\/media\/188819"}],"wp:attachment":[{"href":"https:\/\/tiendaomega.com.ar\/wp\/wp-json\/wp\/v2\/media?parent=179253"}],"wp:term":[{"taxonomy":"product_brand","embeddable":true,"href":"https:\/\/tiendaomega.com.ar\/wp\/wp-json\/wp\/v2\/product_brand?post=179253"},{"taxonomy":"product_cat","embeddable":true,"href":"https:\/\/tiendaomega.com.ar\/wp\/wp-json\/wp\/v2\/product_cat?post=179253"},{"taxonomy":"product_tag","embeddable":true,"href":"https:\/\/tiendaomega.com.ar\/wp\/wp-json\/wp\/v2\/product_tag?post=179253"}],"curies":[{"name":"wp","href":"https:\/\/api.w.org\/{rel}","templated":true}]}}