{"id":180102,"date":"2023-07-05T15:47:35","date_gmt":"2023-07-05T18:47:35","guid":{"rendered":"https:\/\/tiendaomega.com.ar\/wp\/producto\/soporte-para-tv-skyway-st4-32-55-fijo\/"},"modified":"2026-01-28T09:09:39","modified_gmt":"2026-01-28T12:09:39","slug":"soporte-para-tv-skyway-st4-32-55-fijo","status":"publish","type":"product","link":"https:\/\/tiendaomega.com.ar\/wp\/producto\/soporte-para-tv-skyway-st4-32-55-fijo\/","title":{"rendered":"SOPORTE PARA TV SKYWAY ST4  32 &#8211; 55 FIJO"},"content":{"rendered":"<p>SOPORTE DE TV &#8211; LED &#8211; LCD &#8211; SmartTV &#8211; FIJO 32 a 55 PulgadasSKYWAYEsta dise\u00f1ado para montar pantallas de Plasma, LCD, HDTV, 3D Y Leds de 32   a 55   con un peso m\u00e1ximo de 40 kg.Fabricado en metal negro, invisible al usuario una vez instalado.Incluye herramientas para montar a pared.F\u00e1cil y r\u00e1pida instalaci\u00f3n.Incluye manual de usuario.Para pantallas de: 32\u00b4\u00b4 &#8211; 55\u00b4\u00b4.Distancia a la pared: 2,3cm.Soporte fuerte y resistente.Hecho con acero de alta calidad.Producto Nuevo en Caja.<\/p>\n","protected":false},"excerpt":{"rendered":"<p>SOPORTE PARA TV SKYWAY ST4  32 &#8211; 55 FIJO<\/p>\n","protected":false},"featured_media":464501,"template":"","meta":{"_joinchat":[]},"product_brand":[],"product_cat":[169,236],"product_tag":[],"class_list":{"0":"post-180102","1":"product","2":"type-product","3":"status-publish","4":"has-post-thumbnail","6":"product_cat-accesorios-168","7":"product_cat-soportes","9":"first","10":"instock","11":"shipping-taxable","12":"purchasable","13":"product-type-simple"},"_links":{"self":[{"href":"https:\/\/tiendaomega.com.ar\/wp\/wp-json\/wp\/v2\/product\/180102","targetHints":{"allow":["GET"]}}],"collection":[{"href":"https:\/\/tiendaomega.com.ar\/wp\/wp-json\/wp\/v2\/product"}],"about":[{"href":"https:\/\/tiendaomega.com.ar\/wp\/wp-json\/wp\/v2\/types\/product"}],"wp:featuredmedia":[{"embeddable":true,"href":"https:\/\/tiendaomega.com.ar\/wp\/wp-json\/wp\/v2\/media\/464501"}],"wp:attachment":[{"href":"https:\/\/tiendaomega.com.ar\/wp\/wp-json\/wp\/v2\/media?parent=180102"}],"wp:term":[{"taxonomy":"product_brand","embeddable":true,"href":"https:\/\/tiendaomega.com.ar\/wp\/wp-json\/wp\/v2\/product_brand?post=180102"},{"taxonomy":"product_cat","embeddable":true,"href":"https:\/\/tiendaomega.com.ar\/wp\/wp-json\/wp\/v2\/product_cat?post=180102"},{"taxonomy":"product_tag","embeddable":true,"href":"https:\/\/tiendaomega.com.ar\/wp\/wp-json\/wp\/v2\/product_tag?post=180102"}],"curies":[{"name":"wp","href":"https:\/\/api.w.org\/{rel}","templated":true}]}}