{"id":180103,"date":"2023-07-05T15:47:38","date_gmt":"2023-07-05T18:47:38","guid":{"rendered":"https:\/\/tiendaomega.com.ar\/wp\/producto\/soporte-para-tv-skyway-st2-17-55-con-brazo-reforzado\/"},"modified":"2025-10-02T10:33:03","modified_gmt":"2025-10-02T13:33:03","slug":"soporte-para-tv-skyway-st2-17-55-con-brazo-reforzado","status":"publish","type":"product","link":"https:\/\/tiendaomega.com.ar\/wp\/producto\/soporte-para-tv-skyway-st2-17-55-con-brazo-reforzado\/","title":{"rendered":"SOPORTE PARA TV SKYWAY ST2 17 &#8211; 55 CON BRAZO (Reforzado)"},"content":{"rendered":"<p>SOPORTE DE TV &#8211; LED &#8211; LCD &#8211; SmartTV &#8211; BRAZO MOVIL 17 a 55 Pulgadas (Reforzado)SKYWAYEsta dise\u00f1ado para montar pantallas de Plasma, LCD, HDTV, 3D Y Leds de 17   a 55   con un peso m\u00e1ximo de 30 kg.Fabricado en metal negro, invisible al usuario una vez instalado.Incluye herramientas para montar a pared.F\u00e1cil y r\u00e1pida instalaci\u00f3n.Incluye manual de usuario.Para pantallas de: 17\u00b4\u00b4 &#8211; 55\u00b4\u00b4.Distancia a la pared: 6 cm a 41 cmInclinaci\u00f3n: 10 gradosGiro 180 grados.Vesa: M\u00e1ximo 400&#215;400.Soporte fuerte y resistente.Hecho con acero de alta calidad.\u2022  Producto Nuevo en Caja  \u2022<\/p>\n","protected":false},"excerpt":{"rendered":"<p>SOPORTE PARA TV SKYWAY ST2 17 &#8211; 55 CON BRAZO (Reforzado)<\/p>\n","protected":false},"featured_media":437749,"template":"","meta":{"_joinchat":[]},"product_brand":[],"product_cat":[169,236],"product_tag":[],"class_list":{"0":"post-180103","1":"product","2":"type-product","3":"status-publish","4":"has-post-thumbnail","6":"product_cat-accesorios-168","7":"product_cat-soportes","9":"first","10":"outofstock","11":"shipping-taxable","12":"purchasable","13":"product-type-simple"},"_links":{"self":[{"href":"https:\/\/tiendaomega.com.ar\/wp\/wp-json\/wp\/v2\/product\/180103","targetHints":{"allow":["GET"]}}],"collection":[{"href":"https:\/\/tiendaomega.com.ar\/wp\/wp-json\/wp\/v2\/product"}],"about":[{"href":"https:\/\/tiendaomega.com.ar\/wp\/wp-json\/wp\/v2\/types\/product"}],"wp:featuredmedia":[{"embeddable":true,"href":"https:\/\/tiendaomega.com.ar\/wp\/wp-json\/wp\/v2\/media\/437749"}],"wp:attachment":[{"href":"https:\/\/tiendaomega.com.ar\/wp\/wp-json\/wp\/v2\/media?parent=180103"}],"wp:term":[{"taxonomy":"product_brand","embeddable":true,"href":"https:\/\/tiendaomega.com.ar\/wp\/wp-json\/wp\/v2\/product_brand?post=180103"},{"taxonomy":"product_cat","embeddable":true,"href":"https:\/\/tiendaomega.com.ar\/wp\/wp-json\/wp\/v2\/product_cat?post=180103"},{"taxonomy":"product_tag","embeddable":true,"href":"https:\/\/tiendaomega.com.ar\/wp\/wp-json\/wp\/v2\/product_tag?post=180103"}],"curies":[{"name":"wp","href":"https:\/\/api.w.org\/{rel}","templated":true}]}}