{"id":180106,"date":"2023-07-05T15:47:52","date_gmt":"2023-07-05T18:47:52","guid":{"rendered":"https:\/\/tiendaomega.com.ar\/wp\/producto\/conversor-hdmi-a-rca-full-hd-1080p-skyway-3470\/"},"modified":"2025-10-02T11:22:27","modified_gmt":"2025-10-02T14:22:27","slug":"conversor-hdmi-a-rca-full-hd-1080p-skyway-3470","status":"publish","type":"product","link":"https:\/\/tiendaomega.com.ar\/wp\/producto\/conversor-hdmi-a-rca-full-hd-1080p-skyway-3470\/","title":{"rendered":"CONVERSOR HDMI A RCA (FULL HD 1080P) SKYWAY 3470 C01 (Salida x RCA)"},"content":{"rendered":"<p>CONVERSOR HDMI a RCASKYWAYCARACTER\u00cdSTICAS:Con este innovador producto usted puede convertir una se\u00f1al que sale de un puerto HDMI a un TV con entrada RCAHoy en d\u00eda existen muchos los dispositivos con salida HDMI. como por ejemplo una PC de escritorio, notebook, mismo las TV actuales y muchos otros. Y al tener un Televisor con entrada RCA no pueden conectarlo.. hasta la llegada de este espectacular conversor..! El mismo se alimenta por un puerto USB y viene con el cable incluido para hacerlo.  Que hacer si no tiene un puerto USB cercano? SIMPLE.. con usar un cargador de 220 a usb puede alimentarlo (el mismo que usan los celulares)TEN\u00c9 PRESENTE QUE: Transmite audio y video!! EL M\u00c1S COMPLETO.IMPORTANTE: NO FUNCIONA A LA INVERSA DE RCA a HDMIProducto Nuevo en Caja.<\/p>\n","protected":false},"excerpt":{"rendered":"<p>CONVERSOR HDMI A RCA (FULL HD 1080P) SKYWAY 3470 C01 (Salida x RCA)<\/p>\n","protected":false},"featured_media":452160,"template":"","meta":{"_joinchat":[]},"product_brand":[],"product_cat":[169,235],"product_tag":[],"class_list":{"0":"post-180106","1":"product","2":"type-product","3":"status-publish","4":"has-post-thumbnail","6":"product_cat-accesorios-168","7":"product_cat-adaptadores","9":"first","10":"outofstock","11":"shipping-taxable","12":"purchasable","13":"product-type-simple"},"_links":{"self":[{"href":"https:\/\/tiendaomega.com.ar\/wp\/wp-json\/wp\/v2\/product\/180106","targetHints":{"allow":["GET"]}}],"collection":[{"href":"https:\/\/tiendaomega.com.ar\/wp\/wp-json\/wp\/v2\/product"}],"about":[{"href":"https:\/\/tiendaomega.com.ar\/wp\/wp-json\/wp\/v2\/types\/product"}],"wp:featuredmedia":[{"embeddable":true,"href":"https:\/\/tiendaomega.com.ar\/wp\/wp-json\/wp\/v2\/media\/452160"}],"wp:attachment":[{"href":"https:\/\/tiendaomega.com.ar\/wp\/wp-json\/wp\/v2\/media?parent=180106"}],"wp:term":[{"taxonomy":"product_brand","embeddable":true,"href":"https:\/\/tiendaomega.com.ar\/wp\/wp-json\/wp\/v2\/product_brand?post=180106"},{"taxonomy":"product_cat","embeddable":true,"href":"https:\/\/tiendaomega.com.ar\/wp\/wp-json\/wp\/v2\/product_cat?post=180106"},{"taxonomy":"product_tag","embeddable":true,"href":"https:\/\/tiendaomega.com.ar\/wp\/wp-json\/wp\/v2\/product_tag?post=180106"}],"curies":[{"name":"wp","href":"https:\/\/api.w.org\/{rel}","templated":true}]}}