{"id":180949,"date":"2023-08-08T08:59:36","date_gmt":"2023-08-08T11:59:36","guid":{"rendered":"https:\/\/tiendaomega.com.ar\/wp\/producto\/auricular-in-ear-haylou-gt7-neo-negro\/"},"modified":"2025-10-02T10:33:55","modified_gmt":"2025-10-02T13:33:55","slug":"auricular-in-ear-haylou-gt7-neo-negro","status":"publish","type":"product","link":"https:\/\/tiendaomega.com.ar\/wp\/producto\/auricular-in-ear-haylou-gt7-neo-negro\/","title":{"rendered":"AURICULAR IN EAR HAYLOU GT7 NEO NEGRO"},"content":{"rendered":"<p>Especificaciones:- Modelo: Haylou GT7 Neo- Conexi\u00f3n inal\u00e1mbrica: Bluetooth 5.2- Interfaz de carga: Tipo-C- Distancia de comunicaci\u00f3n: 10 metros (entorno abierto sin barreras)- Tiempo de juego individual: Alrededor de 6,5 horas- Capacidad de la bater\u00eda (un solo auricular): 35mAh- Capacidad de la bater\u00eda (estuche de carga): 310mAh- Tiempo de carga (auricular): Alrededor de 1,5 horas- Tiempo de carga (malet\u00edn de carga): Alrededor de 2,5 horas- C\u00f3dec de audio: SBC  AAC- Protocolo soportado: A2DP AVRCP  HFP  HSP<\/p>\n","protected":false},"excerpt":{"rendered":"<p>AURICULAR IN EAR HAYLOU GT7 NEO NEGRO<\/p>\n","protected":false},"featured_media":190416,"template":"","meta":{"_joinchat":[]},"product_brand":[],"product_cat":[164,166],"product_tag":[],"class_list":{"0":"post-180949","1":"product","2":"type-product","3":"status-publish","4":"has-post-thumbnail","6":"product_cat-auriculares","7":"product_cat-bluetooth","9":"first","10":"outofstock","11":"shipping-taxable","12":"purchasable","13":"product-type-simple"},"_links":{"self":[{"href":"https:\/\/tiendaomega.com.ar\/wp\/wp-json\/wp\/v2\/product\/180949","targetHints":{"allow":["GET"]}}],"collection":[{"href":"https:\/\/tiendaomega.com.ar\/wp\/wp-json\/wp\/v2\/product"}],"about":[{"href":"https:\/\/tiendaomega.com.ar\/wp\/wp-json\/wp\/v2\/types\/product"}],"wp:featuredmedia":[{"embeddable":true,"href":"https:\/\/tiendaomega.com.ar\/wp\/wp-json\/wp\/v2\/media\/190416"}],"wp:attachment":[{"href":"https:\/\/tiendaomega.com.ar\/wp\/wp-json\/wp\/v2\/media?parent=180949"}],"wp:term":[{"taxonomy":"product_brand","embeddable":true,"href":"https:\/\/tiendaomega.com.ar\/wp\/wp-json\/wp\/v2\/product_brand?post=180949"},{"taxonomy":"product_cat","embeddable":true,"href":"https:\/\/tiendaomega.com.ar\/wp\/wp-json\/wp\/v2\/product_cat?post=180949"},{"taxonomy":"product_tag","embeddable":true,"href":"https:\/\/tiendaomega.com.ar\/wp\/wp-json\/wp\/v2\/product_tag?post=180949"}],"curies":[{"name":"wp","href":"https:\/\/api.w.org\/{rel}","templated":true}]}}