{"id":181124,"date":"2023-08-15T19:39:10","date_gmt":"2023-08-15T22:39:10","guid":{"rendered":"https:\/\/tiendaomega.com.ar\/wp\/producto\/mother-gigabyte-b450m-ds3h-v2\/"},"modified":"2025-10-02T12:02:37","modified_gmt":"2025-10-02T15:02:37","slug":"mother-gigabyte-b450m-ds3h-v2","status":"publish","type":"product","link":"https:\/\/tiendaomega.com.ar\/wp\/producto\/mother-gigabyte-b450m-ds3h-v2\/","title":{"rendered":"MOTHER GIGABYTE B450M DS3H V2"},"content":{"rendered":"<p>Motherboard AMD B450 Ultra Durable con soluci\u00f3n VRM digital, gesti\u00f3n de ancho de banda y LAN para juegos GIGABYTE, M.2 PCIe Gen3 x4, resistencia anti-azufre, cabezal de tira de LED RGB, listo para CEC 2019Admite AMD Ryzen\u2122 serie 5000  Ryzen\u2122 5000 serie G  3\u00b0.- generaci\u00f3n Ryzen\u2122  2\u00b0.- generaci\u00f3n Ryzen\u2122  1\u00b0.- generaci\u00f3n Ryzen\u2122  2\u00b0.- generaci\u00f3n Ryzen\u2122 con gr\u00e1ficos Radeon\u2122 Vega  1\u00b0.- generaci\u00f3n Ryzen\u2122 con gr\u00e1ficos Radeon\u2122 Vega  Athlon \u2122 con procesadores gr\u00e1ficos Radeon\u2122 VegaDDR4 sin b\u00fafer no ECC de doble canal, 4 DIMMCaracter\u00edstica Soluci\u00f3n VRM digital con MOSFET de bajo RDS (activado)Puertos HDMI, DVI-D para m\u00faltiples pantallasM.2 PCIe Gen3 x4 ultrarr\u00e1pido con soporte para modo PCIe NVMe y SATACapacitores de audio de alta calidad y protector de ruido de audio con iluminaci\u00f3n de trayectoria de seguimiento LEDLAN para juegos 8118 exclusiva de GIGABYTE con gesti\u00f3n de ancho de bandaRGB Fusion admite tiras de LED RGB en 7 coloresSmart Fan 5 cuenta con 5 sensores de temperatura y 2 cabezales de ventilador h\u00edbridos con FAN STOPAPP Center que incluye las utilidades EasyTune\u2122 y Cloud Station\u2122Listo para CEC 2019, ahorre energ\u00eda con un simple clic<\/p>\n","protected":false},"excerpt":{"rendered":"<p>MOTHER GIGABYTE B450M DS3H V2<\/p>\n","protected":false},"featured_media":189710,"template":"","meta":{"_joinchat":[]},"product_brand":[],"product_cat":[224,231],"product_tag":[],"class_list":{"0":"post-181124","1":"product","2":"type-product","3":"status-publish","4":"has-post-thumbnail","6":"product_cat-componentes-de-pc","7":"product_cat-mother-amd","9":"first","10":"outofstock","11":"shipping-taxable","12":"purchasable","13":"product-type-simple"},"_links":{"self":[{"href":"https:\/\/tiendaomega.com.ar\/wp\/wp-json\/wp\/v2\/product\/181124","targetHints":{"allow":["GET"]}}],"collection":[{"href":"https:\/\/tiendaomega.com.ar\/wp\/wp-json\/wp\/v2\/product"}],"about":[{"href":"https:\/\/tiendaomega.com.ar\/wp\/wp-json\/wp\/v2\/types\/product"}],"wp:featuredmedia":[{"embeddable":true,"href":"https:\/\/tiendaomega.com.ar\/wp\/wp-json\/wp\/v2\/media\/189710"}],"wp:attachment":[{"href":"https:\/\/tiendaomega.com.ar\/wp\/wp-json\/wp\/v2\/media?parent=181124"}],"wp:term":[{"taxonomy":"product_brand","embeddable":true,"href":"https:\/\/tiendaomega.com.ar\/wp\/wp-json\/wp\/v2\/product_brand?post=181124"},{"taxonomy":"product_cat","embeddable":true,"href":"https:\/\/tiendaomega.com.ar\/wp\/wp-json\/wp\/v2\/product_cat?post=181124"},{"taxonomy":"product_tag","embeddable":true,"href":"https:\/\/tiendaomega.com.ar\/wp\/wp-json\/wp\/v2\/product_tag?post=181124"}],"curies":[{"name":"wp","href":"https:\/\/api.w.org\/{rel}","templated":true}]}}