{"id":181187,"date":"2023-08-19T08:54:59","date_gmt":"2023-08-19T11:54:59","guid":{"rendered":"https:\/\/tiendaomega.com.ar\/wp\/producto\/auricular-earphones-lenovo-ht81-negro\/"},"modified":"2025-10-02T11:23:09","modified_gmt":"2025-10-02T14:23:09","slug":"auricular-earphones-lenovo-ht81-negro","status":"publish","type":"product","link":"https:\/\/tiendaomega.com.ar\/wp\/producto\/auricular-earphones-lenovo-ht81-negro\/","title":{"rendered":"AURICULAR EARPHONES LENOVO HT18 NEGRO"},"content":{"rendered":"<p>Descripci\u00f3nEn la calle, en el colectivo o en la oficina, ten\u00e9 siempre a mano tus auriculares Lenovo y \u00a1escapate de la rutina por un rato! Vas a poder disfrutar de la m\u00fasica que m\u00e1s te gusta y de tus podcasts favoritos cuando quieras y donde quieras.El formato perfecto para vosAl ser in-ear, mejoran la calidad del audio y son de tama\u00f1o peque\u00f1o para poder insertarse en tu oreja. Son ideales para acompa\u00f1arte a la hora de hacer ejercicio mientras te sumerg\u00eds en el mejor sonido envolvente.Wireless al 100%A diferencia de otras conectividades, este dispositivo est\u00e1 fabricado con tecnolog\u00eda TWS (True Wireless Stereo). La misma permite una conexi\u00f3n inal\u00e1mbrica total y funciona sin un solo cable entre pares. Con ella podr\u00e1s disfrutar del entorno sonoro sin necesidad de estar pendiente de conexiones f\u00edsicas.<\/p>\n","protected":false},"excerpt":{"rendered":"<p>AURICULAR EARPHONES LENOVO HT18 NEGRO<\/p>\n","protected":false},"featured_media":188162,"template":"","meta":{"_joinchat":[]},"product_brand":[],"product_cat":[164,166],"product_tag":[],"class_list":{"0":"post-181187","1":"product","2":"type-product","3":"status-publish","4":"has-post-thumbnail","6":"product_cat-auriculares","7":"product_cat-bluetooth","9":"first","10":"outofstock","11":"shipping-taxable","12":"purchasable","13":"product-type-simple"},"_links":{"self":[{"href":"https:\/\/tiendaomega.com.ar\/wp\/wp-json\/wp\/v2\/product\/181187","targetHints":{"allow":["GET"]}}],"collection":[{"href":"https:\/\/tiendaomega.com.ar\/wp\/wp-json\/wp\/v2\/product"}],"about":[{"href":"https:\/\/tiendaomega.com.ar\/wp\/wp-json\/wp\/v2\/types\/product"}],"wp:featuredmedia":[{"embeddable":true,"href":"https:\/\/tiendaomega.com.ar\/wp\/wp-json\/wp\/v2\/media\/188162"}],"wp:attachment":[{"href":"https:\/\/tiendaomega.com.ar\/wp\/wp-json\/wp\/v2\/media?parent=181187"}],"wp:term":[{"taxonomy":"product_brand","embeddable":true,"href":"https:\/\/tiendaomega.com.ar\/wp\/wp-json\/wp\/v2\/product_brand?post=181187"},{"taxonomy":"product_cat","embeddable":true,"href":"https:\/\/tiendaomega.com.ar\/wp\/wp-json\/wp\/v2\/product_cat?post=181187"},{"taxonomy":"product_tag","embeddable":true,"href":"https:\/\/tiendaomega.com.ar\/wp\/wp-json\/wp\/v2\/product_tag?post=181187"}],"curies":[{"name":"wp","href":"https:\/\/api.w.org\/{rel}","templated":true}]}}