{"id":181278,"date":"2023-08-25T14:25:59","date_gmt":"2023-08-25T17:25:59","guid":{"rendered":"https:\/\/tiendaomega.com.ar\/wp\/producto\/auricular-gamer-con-mic-ds-oni-blanco-usb\/"},"modified":"2025-10-02T10:34:07","modified_gmt":"2025-10-02T13:34:07","slug":"auricular-gamer-con-mic-ds-oni-blanco-usb","status":"publish","type":"product","link":"https:\/\/tiendaomega.com.ar\/wp\/producto\/auricular-gamer-con-mic-ds-oni-blanco-usb\/","title":{"rendered":"AURICULAR GAMER CON MIC.DS ONI BLANCO (USB)"},"content":{"rendered":"<p>GENERALESMarcaDSModeloONI IRONColorNegroGarant\u00eda1 a\u00f1oAURICULARDriver50mmFormaOver-earFrecuencia20Hz &#8211; 20.000HzSensibilidad105 dBMarcoAluminioAlmohadillasEspuma viscoel\u00e1sticaImpedancia25 \u03a9CARACTER\u00cdSTICASInal\u00e1mbricoNoBluetoothNoLargo del Cable2.2 mCompatibilidadPCMICROFONODescripci\u00f3n\u00bb Inmersi\u00f3n totalVas a conseguir una gran inmersi\u00f3n en tus juegos y por parte del exterior, llevarte todas las miradas con un dise\u00f1o ultra moderno con RGB y una construcci\u00f3n premium liviana en aluminio para una mayor comodidad y resistencia.\u00bb Comodidad plenaSu vincha ajustable te va a garantizar una comodidad m\u00e1xima y sus almohadillas de cuero sint\u00e9tico te van a permitir el uso prolongado sin incomodar en ning\u00fan momento.<\/p>\n","protected":false},"excerpt":{"rendered":"<p>AURICULAR GAMER CON MIC.DS ONI BLANCO (USB)<\/p>\n","protected":false},"featured_media":188331,"template":"","meta":{"_joinchat":[]},"product_brand":[],"product_cat":[164,167],"product_tag":[],"class_list":{"0":"post-181278","1":"product","2":"type-product","3":"status-publish","4":"has-post-thumbnail","6":"product_cat-auriculares","7":"product_cat-pc","9":"first","10":"outofstock","11":"shipping-taxable","12":"purchasable","13":"product-type-simple"},"_links":{"self":[{"href":"https:\/\/tiendaomega.com.ar\/wp\/wp-json\/wp\/v2\/product\/181278","targetHints":{"allow":["GET"]}}],"collection":[{"href":"https:\/\/tiendaomega.com.ar\/wp\/wp-json\/wp\/v2\/product"}],"about":[{"href":"https:\/\/tiendaomega.com.ar\/wp\/wp-json\/wp\/v2\/types\/product"}],"wp:featuredmedia":[{"embeddable":true,"href":"https:\/\/tiendaomega.com.ar\/wp\/wp-json\/wp\/v2\/media\/188331"}],"wp:attachment":[{"href":"https:\/\/tiendaomega.com.ar\/wp\/wp-json\/wp\/v2\/media?parent=181278"}],"wp:term":[{"taxonomy":"product_brand","embeddable":true,"href":"https:\/\/tiendaomega.com.ar\/wp\/wp-json\/wp\/v2\/product_brand?post=181278"},{"taxonomy":"product_cat","embeddable":true,"href":"https:\/\/tiendaomega.com.ar\/wp\/wp-json\/wp\/v2\/product_cat?post=181278"},{"taxonomy":"product_tag","embeddable":true,"href":"https:\/\/tiendaomega.com.ar\/wp\/wp-json\/wp\/v2\/product_tag?post=181278"}],"curies":[{"name":"wp","href":"https:\/\/api.w.org\/{rel}","templated":true}]}}