{"id":181567,"date":"2023-09-14T09:05:04","date_gmt":"2023-09-14T12:05:04","guid":{"rendered":"https:\/\/tiendaomega.com.ar\/wp\/producto\/auricular-con-microfono-daihatsu-d-au402\/"},"modified":"2025-10-02T11:23:24","modified_gmt":"2025-10-02T14:23:24","slug":"auricular-con-microfono-daihatsu-d-au402","status":"publish","type":"product","link":"https:\/\/tiendaomega.com.ar\/wp\/producto\/auricular-con-microfono-daihatsu-d-au402\/","title":{"rendered":"AURICULAR CON MICROFONO DAIHATSU D-AU402"},"content":{"rendered":"<p>D-AU402 SERIE ONIKUMAConector jack 3.5mm  de 4 secciones + USBMicr\u00f3fono IncorporadoControl de volumen y desactivaci\u00f3n de micr\u00f3fonoIluminaci\u00f3n LEDLargo del cable aproximado: 2 metrosIncluye adaptador splitter para conectores de PC (1x audio + 1x micr\u00f3fono)<\/p>\n","protected":false},"excerpt":{"rendered":"<p>AURICULAR CON MICROFONO DAIHATSU D-AU402<\/p>\n","protected":false},"featured_media":268728,"template":"","meta":{"_joinchat":[]},"product_brand":[],"product_cat":[164,167],"product_tag":[],"class_list":{"0":"post-181567","1":"product","2":"type-product","3":"status-publish","4":"has-post-thumbnail","6":"product_cat-auriculares","7":"product_cat-pc","9":"first","10":"outofstock","11":"shipping-taxable","12":"purchasable","13":"product-type-simple"},"_links":{"self":[{"href":"https:\/\/tiendaomega.com.ar\/wp\/wp-json\/wp\/v2\/product\/181567","targetHints":{"allow":["GET"]}}],"collection":[{"href":"https:\/\/tiendaomega.com.ar\/wp\/wp-json\/wp\/v2\/product"}],"about":[{"href":"https:\/\/tiendaomega.com.ar\/wp\/wp-json\/wp\/v2\/types\/product"}],"wp:featuredmedia":[{"embeddable":true,"href":"https:\/\/tiendaomega.com.ar\/wp\/wp-json\/wp\/v2\/media\/268728"}],"wp:attachment":[{"href":"https:\/\/tiendaomega.com.ar\/wp\/wp-json\/wp\/v2\/media?parent=181567"}],"wp:term":[{"taxonomy":"product_brand","embeddable":true,"href":"https:\/\/tiendaomega.com.ar\/wp\/wp-json\/wp\/v2\/product_brand?post=181567"},{"taxonomy":"product_cat","embeddable":true,"href":"https:\/\/tiendaomega.com.ar\/wp\/wp-json\/wp\/v2\/product_cat?post=181567"},{"taxonomy":"product_tag","embeddable":true,"href":"https:\/\/tiendaomega.com.ar\/wp\/wp-json\/wp\/v2\/product_tag?post=181567"}],"curies":[{"name":"wp","href":"https:\/\/api.w.org\/{rel}","templated":true}]}}